{"id":75,"date":"2011-11-27T12:49:25","date_gmt":"2011-11-27T11:49:25","guid":{"rendered":"http:\/\/spbielsk.pl\/?page_id=75"},"modified":"2025-08-22T16:29:50","modified_gmt":"2025-08-22T15:29:50","slug":"rada-pedagogiczna","status":"publish","type":"page","link":"https:\/\/spbielsk.pl\/?page_id=75","title":{"rendered":"Rada Pedagogiczna"},"content":{"rendered":"<div id=\"panel_srodkowy\">\n<div>\n<p style=\"text-align: center;\"><strong>Dyrektor Szko\u0142y &#8211; Maria Kluge<br \/>\n<\/strong><\/p>\n<p style=\"text-align: center;\"><strong>Zast\u0119pca Dyrektora\u00a0 &#8211; Alicja Wojtunik<br \/>\n<\/strong><\/p>\n<p style=\"text-align: center;\"><span style=\"font-size: 10pt;\"><strong>Wychowanie fizyczne:<\/strong> Bogumi\u0142a Krzeszewska, Damian Gagat, Marcin Krysiak<br \/>\n<\/span><\/p>\n<p style=\"text-align: center;\"><span style=\"font-size: 10pt;\"><strong>Przyroda:<\/strong> Monika Narkiewicz, Maria Kluge<\/span><\/p>\n<p style=\"text-align: center;\"><span style=\"font-size: 10pt;\"><strong>Geografia:<\/strong> Beata \u017bo\u0142nowska, Monika Narkiewicz<br \/>\n<\/span><\/p>\n<p style=\"text-align: center;\"><span style=\"font-size: 10pt;\"><strong>Fizyka:<\/strong> Iwona Urba\u0144ska<br \/>\n<\/span><\/p>\n<p style=\"text-align: center;\"><span style=\"font-size: 10pt;\"><strong>Biologia:<\/strong> S\u0142awomira Banachowicz, Ma\u0142gorzata \u0141aszczewska<br \/>\n<\/span><\/p>\n<p style=\"text-align: center;\"><span style=\"font-size: 10pt;\"><strong>Chemia:<\/strong> S\u0142awomira Banachowicz, Iwona Urba\u0144ska<br \/>\n<\/span><\/p>\n<p style=\"text-align: center;\"><span style=\"font-size: 10pt;\"><strong>Religia:<\/strong> Anna Maruszewska, ks. Grzegorz Makowski<br \/>\n<\/span><\/p>\n<p style=\"text-align: center;\"><span style=\"font-size: 10pt;\"><strong>J\u0119zyk polski:<\/strong> Aldona Olejniczak, Dorota Ogrodowska, Renata Popis, Joanna Sieradzka, Artur Zdziarski, Marlena Godlewska<br \/>\n<\/span><\/p>\n<p style=\"text-align: center;\"><span style=\"font-size: 10pt;\"><strong>Wychowawca \u015bwietlicy:<\/strong> Bo\u017cena W\u00f3jcik, Milena Wi\u015bniewska, Maria Kluge, Karolina Maj &#8211; Szagun, Ma\u0142gorzata Szumska, Weronika Zieli\u0144ska<br \/>\n<\/span><\/p>\n<p style=\"text-align: center;\"><span style=\"font-size: 10pt;\"><strong>J\u0119zyk angielski:<\/strong> Eliza Obr\u0119bska, Agnieszka Sieradzka, Marta Wo\u017aniak, Ma\u0142gorzata Szumska<br \/>\n<\/span><\/p>\n<p style=\"text-align: center;\"><span style=\"font-size: 10pt;\"><strong>J\u0119zyk niemiecki:<\/strong> \u017baneta Sieradzka<\/span><\/p>\n<p style=\"text-align: center;\"><span style=\"font-size: 10pt;\"><strong>J\u0119zyk rosyjski, WOS:<\/strong> Justyna Joniak<br \/>\n<\/span><\/p>\n<p style=\"text-align: center;\"><span style=\"font-size: 10pt;\"><strong>Nauczyciel bibliotekarz:<\/strong> Marlena Godlewska<br \/>\n<\/span><\/p>\n<p style=\"text-align: center;\"><span style=\"font-size: 10pt;\"><strong>Historia, WOS:<\/strong> \u0141ukasz J\u0119drzejewski<br \/>\n<\/span><\/p>\n<p style=\"text-align: center;\"><span style=\"font-size: 10pt;\"><strong>Kszta\u0142cenie zintegrowane:<\/strong> Monika Wereszy\u0144ska, El\u017cbieta Olecka-Mazur, Agnieszka Maliszewska, Renata Dymek, Wies\u0142awa Rosmanowska, Aneta Skom\u00f3rska. Joanna S\u0142omska<br \/>\n<\/span><\/p>\n<p style=\"text-align: center;\"><span style=\"font-size: 10pt;\"><strong>Plastyka: <\/strong>Alicja Wojtunik, Wies\u0142awa Rosmanowska<strong><br \/>\n<\/strong><\/span><\/p>\n<p style=\"text-align: center;\"><span style=\"font-size: 10pt;\"><strong>Technika:<\/strong> Alicja Wojtunik, Joanna Siemieniec<br \/>\n<\/span><\/p>\n<p style=\"text-align: center;\"><span style=\"font-size: 10pt;\"><strong>Matematyka:<\/strong> Joanna Siemieniec, Katarzyna Wochowska, Marta Ludwiczak<br \/>\n<\/span><\/p>\n<p style=\"text-align: center;\"><span style=\"font-size: 10pt;\"><strong>Informatyka:<\/strong> Tomasz Piechowski, Joanna Siemieniec, Katarzyna Wochowska, Marta Ludwiczak<br \/>\n<\/span><\/p>\n<p style=\"text-align: center;\"><span style=\"font-size: 10pt;\"><strong>Muzyka:<\/strong> Marek Siemieniec<\/span><\/p>\n<p style=\"text-align: center;\"><span style=\"font-size: 10pt;\"><strong>Logopeda<\/strong> &#8211; Danuta Wysocka, Dorota Ogrodowska, Marlena Godlewska<br \/>\n<\/span><\/p>\n<p style=\"text-align: center;\"><span style=\"font-size: 10pt;\"><strong>Pedagog\/ Pedagog specjalny<\/strong> &#8211; Ewa Kosi\u0144ska-Gagat, Magdalena Dymek<br \/>\n<\/span><\/p>\n<p style=\"text-align: center;\"><span style=\"font-size: 10pt;\"><strong> Psycholog<\/strong> &#8211; Izabela Podg\u00f3rska<br \/>\n<\/span><\/p>\n<p style=\"text-align: center;\"><span style=\"font-size: 10pt;\"><strong>Nauczyciel TRR, TIS<\/strong> -Ewa Kosi\u0144ska-Gagat<br \/>\n<\/span><\/p>\n<p style=\"text-align: center;\"><span style=\"font-size: 10pt;\"><strong>Doradztwo zawodowe<\/strong> -Beata \u017bo\u0142nowska <\/span><\/p>\n<p style=\"text-align: center;\"><span style=\"font-size: 10pt;\"><strong>Edukacja dla bezpiecze\u0144stwa<\/strong> &#8211; Beata \u017bo\u0142nowska<br \/>\n<\/span><\/p>\n<p style=\"text-align: center;\"><span style=\"font-size: 10pt;\"><strong>Nauczyciel wspomagaj\u0105cy<\/strong> &#8211; Izabela Chabowska, Izabela Przybylska, Magdalena Pop\u0142awska, Ma\u0142gorzata Szumska, Katarzyna Rajkowska<\/span><\/p>\n<p style=\"text-align: center;\"><span style=\"font-size: 10pt;\"><strong>Wychowanie do \u017cycia w rodzinie<\/strong> &#8211;\u00a0 Agnieszka Sieradzka<\/span><\/p>\n<p style=\"text-align: center;\"><span style=\"font-size: 10pt;\"><strong>Edukacja zdrowotna<\/strong> &#8211;\u00a0 Monika Narkiewicz<\/span><\/p>\n<\/div>\n<\/div>\n","protected":false},"excerpt":{"rendered":"<p>Dyrektor Szko\u0142y &#8211; Maria Kluge Zast\u0119pca Dyrektora\u00a0 &#8211; Alicja Wojtunik Wychowanie fizyczne: Bogumi\u0142a Krzeszewska, Damian Gagat, Marcin Krysiak Przyroda: Monika Narkiewicz, Maria Kluge Geografia: Beata \u017bo\u0142nowska, Monika Narkiewicz Fizyka: Iwona Urba\u0144ska Biologia: S\u0142awomira Banachowicz, Ma\u0142gorzata \u0141aszczewska Chemia: S\u0142awomira Banachowicz, Iwona Urba\u0144ska Religia: Anna Maruszewska, ks. Grzegorz Makowski J\u0119zyk polski: Aldona Olejniczak, Dorota Ogrodowska, Renata Popis, [&hellip;]<\/p>\n","protected":false},"author":1,"featured_media":0,"parent":0,"menu_order":0,"comment_status":"closed","ping_status":"closed","template":"","meta":{"footnotes":""},"class_list":["post-75","page","type-page","status-publish","hentry"],"_links":{"self":[{"href":"https:\/\/spbielsk.pl\/index.php?rest_route=\/wp\/v2\/pages\/75","targetHints":{"allow":["GET"]}}],"collection":[{"href":"https:\/\/spbielsk.pl\/index.php?rest_route=\/wp\/v2\/pages"}],"about":[{"href":"https:\/\/spbielsk.pl\/index.php?rest_route=\/wp\/v2\/types\/page"}],"author":[{"embeddable":true,"href":"https:\/\/spbielsk.pl\/index.php?rest_route=\/wp\/v2\/users\/1"}],"replies":[{"embeddable":true,"href":"https:\/\/spbielsk.pl\/index.php?rest_route=%2Fwp%2Fv2%2Fcomments&post=75"}],"version-history":[{"count":52,"href":"https:\/\/spbielsk.pl\/index.php?rest_route=\/wp\/v2\/pages\/75\/revisions"}],"predecessor-version":[{"id":10125,"href":"https:\/\/spbielsk.pl\/index.php?rest_route=\/wp\/v2\/pages\/75\/revisions\/10125"}],"wp:attachment":[{"href":"https:\/\/spbielsk.pl\/index.php?rest_route=%2Fwp%2Fv2%2Fmedia&parent=75"}],"curies":[{"name":"wp","href":"https:\/\/api.w.org\/{rel}","templated":true}]}}