{"id":6992,"date":"2022-10-03T11:21:16","date_gmt":"2022-10-03T10:21:16","guid":{"rendered":"http:\/\/spbielsk.pl\/?page_id=6992"},"modified":"2023-09-29T11:36:49","modified_gmt":"2023-09-29T10:36:49","slug":"europa-i-ja","status":"publish","type":"page","link":"https:\/\/spbielsk.pl\/?page_id=6992","title":{"rendered":"Europa i Ja"},"content":{"rendered":"\n\n\n<p>\u00a0<\/p>\n<p style=\"text-align: center;\"><strong><span class=\"x4k7w5x x1h91t0o x1h9r5lt x1jfb8zj xv2umb2 x1beo9mf xaigb6o x12ejxvf x3igimt xarpa2k xedcshv x1lytzrv x1t2pt76 x7ja8zs x1qrby5j\">FRANCJA<\/span><\/strong><\/p>\n<p style=\"text-align: center;\">\r\n<div class=\"ngg-galleryoverview\" id=\"ngg-gallery-876-6992\">\r\n\r\n\t<!-- Slideshow link -->\r\n\t<div class=\"slideshowlink\">\r\n\t\t<a class=\"slideshowlink\" href=\"https:\/\/spbielsk.pl\/?page_id=6992&amp;show=slide\">\r\n\t\t\t[Show slideshow]\t\t<\/a>\r\n\t<\/div>\r\n\r\n\t\r\n\t<!-- Thumbnails -->\r\n\t\t\r\n\t<div id=\"ngg-image-23144\" class=\"ngg-gallery-thumbnail-box\"  >\r\n\t\t<div class=\"ngg-gallery-thumbnail\" >\r\n\t\t\t<a href=\"https:\/\/spbielsk.pl\/wp-content\/gallery\/francja-projekt-swietlica-wrzesien-2023\/382563017_845138613770377_1335299618424742311_n.jpg\" title=\" \"   rel=\"lightbox[6992]\">\r\n\t\t\t\t\t\t\t\t<img decoding=\"async\" title=\"382563017_845138613770377_1335299618424742311_n\" alt=\"382563017_845138613770377_1335299618424742311_n\" src=\"https:\/\/spbielsk.pl\/wp-content\/gallery\/francja-projekt-swietlica-wrzesien-2023\/thumbs\/thumbs_382563017_845138613770377_1335299618424742311_n.jpg\" width=\"120\" height=\"90\" \/>\r\n\t\t\t\t\t\t\t<\/a>\r\n\t\t<\/div>\r\n\t<\/div>\r\n\t\r\n\t\t\r\n \t\t\r\n\t<div id=\"ngg-image-23145\" class=\"ngg-gallery-thumbnail-box\"  >\r\n\t\t<div class=\"ngg-gallery-thumbnail\" >\r\n\t\t\t<a href=\"https:\/\/spbielsk.pl\/wp-content\/gallery\/francja-projekt-swietlica-wrzesien-2023\/382568467_326304843404973_4043484863512054626_n.jpg\" title=\" \"   rel=\"lightbox[6992]\">\r\n\t\t\t\t\t\t\t\t<img decoding=\"async\" title=\"382568467_326304843404973_4043484863512054626_n\" alt=\"382568467_326304843404973_4043484863512054626_n\" src=\"https:\/\/spbielsk.pl\/wp-content\/gallery\/francja-projekt-swietlica-wrzesien-2023\/thumbs\/thumbs_382568467_326304843404973_4043484863512054626_n.jpg\" width=\"120\" height=\"90\" \/>\r\n\t\t\t\t\t\t\t<\/a>\r\n\t\t<\/div>\r\n\t<\/div>\r\n\t\r\n\t\t\r\n \t\t\r\n\t<div id=\"ngg-image-23146\" class=\"ngg-gallery-thumbnail-box\"  >\r\n\t\t<div class=\"ngg-gallery-thumbnail\" >\r\n\t\t\t<a href=\"https:\/\/spbielsk.pl\/wp-content\/gallery\/francja-projekt-swietlica-wrzesien-2023\/382575677_1462301157883416_431221524679591526_n.jpg\" title=\" \"   rel=\"lightbox[6992]\">\r\n\t\t\t\t\t\t\t\t<img decoding=\"async\" title=\"382575677_1462301157883416_431221524679591526_n\" alt=\"382575677_1462301157883416_431221524679591526_n\" src=\"https:\/\/spbielsk.pl\/wp-content\/gallery\/francja-projekt-swietlica-wrzesien-2023\/thumbs\/thumbs_382575677_1462301157883416_431221524679591526_n.jpg\" width=\"120\" height=\"90\" \/>\r\n\t\t\t\t\t\t\t<\/a>\r\n\t\t<\/div>\r\n\t<\/div>\r\n\t\r\n\t\t\r\n \t\t\r\n\t<div id=\"ngg-image-23147\" class=\"ngg-gallery-thumbnail-box\"  >\r\n\t\t<div class=\"ngg-gallery-thumbnail\" >\r\n\t\t\t<a href=\"https:\/\/spbielsk.pl\/wp-content\/gallery\/francja-projekt-swietlica-wrzesien-2023\/382579442_3124893764474053_2930874870643965325_n.jpg\" title=\" \"   rel=\"lightbox[6992]\">\r\n\t\t\t\t\t\t\t\t<img loading=\"lazy\" decoding=\"async\" title=\"382579442_3124893764474053_2930874870643965325_n\" alt=\"382579442_3124893764474053_2930874870643965325_n\" src=\"https:\/\/spbielsk.pl\/wp-content\/gallery\/francja-projekt-swietlica-wrzesien-2023\/thumbs\/thumbs_382579442_3124893764474053_2930874870643965325_n.jpg\" width=\"120\" height=\"90\" \/>\r\n\t\t\t\t\t\t\t<\/a>\r\n\t\t<\/div>\r\n\t<\/div>\r\n\t\r\n\t\t\r\n \t\t\r\n\t<div id=\"ngg-image-23148\" class=\"ngg-gallery-thumbnail-box\"  >\r\n\t\t<div class=\"ngg-gallery-thumbnail\" >\r\n\t\t\t<a href=\"https:\/\/spbielsk.pl\/wp-content\/gallery\/francja-projekt-swietlica-wrzesien-2023\/382583099_852953409447779_3059474826586791432_n.jpg\" title=\" \"   rel=\"lightbox[6992]\">\r\n\t\t\t\t\t\t\t\t<img loading=\"lazy\" decoding=\"async\" title=\"382583099_852953409447779_3059474826586791432_n\" alt=\"382583099_852953409447779_3059474826586791432_n\" src=\"https:\/\/spbielsk.pl\/wp-content\/gallery\/francja-projekt-swietlica-wrzesien-2023\/thumbs\/thumbs_382583099_852953409447779_3059474826586791432_n.jpg\" width=\"120\" height=\"90\" \/>\r\n\t\t\t\t\t\t\t<\/a>\r\n\t\t<\/div>\r\n\t<\/div>\r\n\t\r\n\t\t\r\n \t\t\r\n\t<div id=\"ngg-image-23149\" class=\"ngg-gallery-thumbnail-box\"  >\r\n\t\t<div class=\"ngg-gallery-thumbnail\" >\r\n\t\t\t<a href=\"https:\/\/spbielsk.pl\/wp-content\/gallery\/francja-projekt-swietlica-wrzesien-2023\/382583114_625959996397550_823289479375200695_n.jpg\" title=\" \"   rel=\"lightbox[6992]\">\r\n\t\t\t\t\t\t\t\t<img loading=\"lazy\" decoding=\"async\" title=\"382583114_625959996397550_823289479375200695_n\" alt=\"382583114_625959996397550_823289479375200695_n\" src=\"https:\/\/spbielsk.pl\/wp-content\/gallery\/francja-projekt-swietlica-wrzesien-2023\/thumbs\/thumbs_382583114_625959996397550_823289479375200695_n.jpg\" width=\"120\" height=\"90\" \/>\r\n\t\t\t\t\t\t\t<\/a>\r\n\t\t<\/div>\r\n\t<\/div>\r\n\t\r\n\t\t\r\n \t\t\r\n\t<div id=\"ngg-image-23150\" class=\"ngg-gallery-thumbnail-box\"  >\r\n\t\t<div class=\"ngg-gallery-thumbnail\" >\r\n\t\t\t<a href=\"https:\/\/spbielsk.pl\/wp-content\/gallery\/francja-projekt-swietlica-wrzesien-2023\/382586570_825701632363579_3213709572681214175_n.jpg\" title=\" \"   rel=\"lightbox[6992]\">\r\n\t\t\t\t\t\t\t\t<img loading=\"lazy\" decoding=\"async\" title=\"382586570_825701632363579_3213709572681214175_n\" alt=\"382586570_825701632363579_3213709572681214175_n\" src=\"https:\/\/spbielsk.pl\/wp-content\/gallery\/francja-projekt-swietlica-wrzesien-2023\/thumbs\/thumbs_382586570_825701632363579_3213709572681214175_n.jpg\" width=\"120\" height=\"90\" \/>\r\n\t\t\t\t\t\t\t<\/a>\r\n\t\t<\/div>\r\n\t<\/div>\r\n\t\r\n\t\t\r\n \t\t\r\n\t<div id=\"ngg-image-23151\" class=\"ngg-gallery-thumbnail-box\"  >\r\n\t\t<div class=\"ngg-gallery-thumbnail\" >\r\n\t\t\t<a href=\"https:\/\/spbielsk.pl\/wp-content\/gallery\/francja-projekt-swietlica-wrzesien-2023\/382586590_6542342592545030_4509199218145241024_n.jpg\" title=\" \"   rel=\"lightbox[6992]\">\r\n\t\t\t\t\t\t\t\t<img loading=\"lazy\" decoding=\"async\" title=\"382586590_6542342592545030_4509199218145241024_n\" alt=\"382586590_6542342592545030_4509199218145241024_n\" src=\"https:\/\/spbielsk.pl\/wp-content\/gallery\/francja-projekt-swietlica-wrzesien-2023\/thumbs\/thumbs_382586590_6542342592545030_4509199218145241024_n.jpg\" width=\"120\" height=\"90\" \/>\r\n\t\t\t\t\t\t\t<\/a>\r\n\t\t<\/div>\r\n\t<\/div>\r\n\t\r\n\t\t\r\n \t\t\r\n\t<div id=\"ngg-image-23152\" class=\"ngg-gallery-thumbnail-box\"  >\r\n\t\t<div class=\"ngg-gallery-thumbnail\" >\r\n\t\t\t<a href=\"https:\/\/spbielsk.pl\/wp-content\/gallery\/francja-projekt-swietlica-wrzesien-2023\/382593525_304425862217484_8487821449939571532_n.jpg\" title=\" \"   rel=\"lightbox[6992]\">\r\n\t\t\t\t\t\t\t\t<img loading=\"lazy\" decoding=\"async\" title=\"382593525_304425862217484_8487821449939571532_n\" alt=\"382593525_304425862217484_8487821449939571532_n\" src=\"https:\/\/spbielsk.pl\/wp-content\/gallery\/francja-projekt-swietlica-wrzesien-2023\/thumbs\/thumbs_382593525_304425862217484_8487821449939571532_n.jpg\" width=\"120\" height=\"90\" \/>\r\n\t\t\t\t\t\t\t<\/a>\r\n\t\t<\/div>\r\n\t<\/div>\r\n\t\r\n\t\t\r\n \t\t\r\n\t<div id=\"ngg-image-23153\" class=\"ngg-gallery-thumbnail-box\"  >\r\n\t\t<div class=\"ngg-gallery-thumbnail\" >\r\n\t\t\t<a href=\"https:\/\/spbielsk.pl\/wp-content\/gallery\/francja-projekt-swietlica-wrzesien-2023\/382608123_864776204922380_6856186486132543919_n.jpg\" title=\" \"   rel=\"lightbox[6992]\">\r\n\t\t\t\t\t\t\t\t<img loading=\"lazy\" decoding=\"async\" title=\"382608123_864776204922380_6856186486132543919_n\" alt=\"382608123_864776204922380_6856186486132543919_n\" src=\"https:\/\/spbielsk.pl\/wp-content\/gallery\/francja-projekt-swietlica-wrzesien-2023\/thumbs\/thumbs_382608123_864776204922380_6856186486132543919_n.jpg\" width=\"120\" height=\"90\" \/>\r\n\t\t\t\t\t\t\t<\/a>\r\n\t\t<\/div>\r\n\t<\/div>\r\n\t\r\n\t\t\r\n \t\t\r\n\t<div id=\"ngg-image-23154\" class=\"ngg-gallery-thumbnail-box\"  >\r\n\t\t<div class=\"ngg-gallery-thumbnail\" >\r\n\t\t\t<a href=\"https:\/\/spbielsk.pl\/wp-content\/gallery\/francja-projekt-swietlica-wrzesien-2023\/382608125_2466874306817784_7483862775084763299_n.jpg\" title=\" \"   rel=\"lightbox[6992]\">\r\n\t\t\t\t\t\t\t\t<img loading=\"lazy\" decoding=\"async\" title=\"382608125_2466874306817784_7483862775084763299_n\" alt=\"382608125_2466874306817784_7483862775084763299_n\" src=\"https:\/\/spbielsk.pl\/wp-content\/gallery\/francja-projekt-swietlica-wrzesien-2023\/thumbs\/thumbs_382608125_2466874306817784_7483862775084763299_n.jpg\" width=\"120\" height=\"90\" \/>\r\n\t\t\t\t\t\t\t<\/a>\r\n\t\t<\/div>\r\n\t<\/div>\r\n\t\r\n\t\t\r\n \t\t\r\n\t<div id=\"ngg-image-23155\" class=\"ngg-gallery-thumbnail-box\"  >\r\n\t\t<div class=\"ngg-gallery-thumbnail\" >\r\n\t\t\t<a href=\"https:\/\/spbielsk.pl\/wp-content\/gallery\/francja-projekt-swietlica-wrzesien-2023\/382614901_996542005004458_4987512169031057183_n.jpg\" title=\" \"   rel=\"lightbox[6992]\">\r\n\t\t\t\t\t\t\t\t<img loading=\"lazy\" decoding=\"async\" title=\"382614901_996542005004458_4987512169031057183_n\" alt=\"382614901_996542005004458_4987512169031057183_n\" src=\"https:\/\/spbielsk.pl\/wp-content\/gallery\/francja-projekt-swietlica-wrzesien-2023\/thumbs\/thumbs_382614901_996542005004458_4987512169031057183_n.jpg\" width=\"120\" height=\"90\" \/>\r\n\t\t\t\t\t\t\t<\/a>\r\n\t\t<\/div>\r\n\t<\/div>\r\n\t\r\n\t\t\r\n \t\t\r\n\t<div id=\"ngg-image-23156\" class=\"ngg-gallery-thumbnail-box\"  >\r\n\t\t<div class=\"ngg-gallery-thumbnail\" >\r\n\t\t\t<a href=\"https:\/\/spbielsk.pl\/wp-content\/gallery\/francja-projekt-swietlica-wrzesien-2023\/382620097_275726622051540_6171995023806049167_n.jpg\" title=\" \"   rel=\"lightbox[6992]\">\r\n\t\t\t\t\t\t\t\t<img loading=\"lazy\" decoding=\"async\" title=\"382620097_275726622051540_6171995023806049167_n\" alt=\"382620097_275726622051540_6171995023806049167_n\" src=\"https:\/\/spbielsk.pl\/wp-content\/gallery\/francja-projekt-swietlica-wrzesien-2023\/thumbs\/thumbs_382620097_275726622051540_6171995023806049167_n.jpg\" width=\"120\" height=\"90\" \/>\r\n\t\t\t\t\t\t\t<\/a>\r\n\t\t<\/div>\r\n\t<\/div>\r\n\t\r\n\t\t\r\n \t\t\r\n\t<div id=\"ngg-image-23157\" class=\"ngg-gallery-thumbnail-box\"  >\r\n\t\t<div class=\"ngg-gallery-thumbnail\" >\r\n\t\t\t<a href=\"https:\/\/spbielsk.pl\/wp-content\/gallery\/francja-projekt-swietlica-wrzesien-2023\/382628911_848981090226258_6140872312968375557_n.jpg\" title=\" \"   rel=\"lightbox[6992]\">\r\n\t\t\t\t\t\t\t\t<img loading=\"lazy\" decoding=\"async\" title=\"382628911_848981090226258_6140872312968375557_n\" alt=\"382628911_848981090226258_6140872312968375557_n\" src=\"https:\/\/spbielsk.pl\/wp-content\/gallery\/francja-projekt-swietlica-wrzesien-2023\/thumbs\/thumbs_382628911_848981090226258_6140872312968375557_n.jpg\" width=\"120\" height=\"90\" \/>\r\n\t\t\t\t\t\t\t<\/a>\r\n\t\t<\/div>\r\n\t<\/div>\r\n\t\r\n\t\t\r\n \t\t\r\n\t<div id=\"ngg-image-23158\" class=\"ngg-gallery-thumbnail-box\"  >\r\n\t\t<div class=\"ngg-gallery-thumbnail\" >\r\n\t\t\t<a href=\"https:\/\/spbielsk.pl\/wp-content\/gallery\/francja-projekt-swietlica-wrzesien-2023\/384329163_640929938029406_1139078177294230626_n.jpg\" title=\" \"   rel=\"lightbox[6992]\">\r\n\t\t\t\t\t\t\t\t<img loading=\"lazy\" decoding=\"async\" title=\"384329163_640929938029406_1139078177294230626_n\" alt=\"384329163_640929938029406_1139078177294230626_n\" src=\"https:\/\/spbielsk.pl\/wp-content\/gallery\/francja-projekt-swietlica-wrzesien-2023\/thumbs\/thumbs_384329163_640929938029406_1139078177294230626_n.jpg\" width=\"120\" height=\"90\" \/>\r\n\t\t\t\t\t\t\t<\/a>\r\n\t\t<\/div>\r\n\t<\/div>\r\n\t\r\n\t\t\r\n \t\t\r\n\t<div id=\"ngg-image-23159\" class=\"ngg-gallery-thumbnail-box\"  >\r\n\t\t<div class=\"ngg-gallery-thumbnail\" >\r\n\t\t\t<a href=\"https:\/\/spbielsk.pl\/wp-content\/gallery\/francja-projekt-swietlica-wrzesien-2023\/384404461_214567744969715_7187389382874078810_n.jpg\" title=\" \"   rel=\"lightbox[6992]\">\r\n\t\t\t\t\t\t\t\t<img loading=\"lazy\" decoding=\"async\" title=\"384404461_214567744969715_7187389382874078810_n\" alt=\"384404461_214567744969715_7187389382874078810_n\" src=\"https:\/\/spbielsk.pl\/wp-content\/gallery\/francja-projekt-swietlica-wrzesien-2023\/thumbs\/thumbs_384404461_214567744969715_7187389382874078810_n.jpg\" width=\"120\" height=\"90\" \/>\r\n\t\t\t\t\t\t\t<\/a>\r\n\t\t<\/div>\r\n\t<\/div>\r\n\t\r\n\t\t\r\n \t \t\r\n\t<!-- Pagination -->\r\n \t<div class='ngg-clear'><\/div>\n \t\r\n<\/div>\r\n\r\n<\/p>\n<hr \/>\n<p style=\"text-align: center;\"><strong>S\u0142ownik polsko-wloski<\/strong><\/p>\n<p style=\"text-align: center;\">\r\n<div class=\"ngg-galleryoverview\" id=\"ngg-gallery-763-6992\">\r\n\r\n\t<!-- Slideshow link -->\r\n\t<div class=\"slideshowlink\">\r\n\t\t<a class=\"slideshowlink\" href=\"https:\/\/spbielsk.pl\/?page_id=6992&amp;show=slide\">\r\n\t\t\t[Show slideshow]\t\t<\/a>\r\n\t<\/div>\r\n\r\n\t\r\n\t<!-- Thumbnails -->\r\n\t\t\r\n\t<div id=\"ngg-image-19930\" class=\"ngg-gallery-thumbnail-box\"  >\r\n\t\t<div class=\"ngg-gallery-thumbnail\" >\r\n\t\t\t<a href=\"https:\/\/spbielsk.pl\/wp-content\/gallery\/slownik-polsko-wloski-swietlica-projekt-grudzien-2022\/317021800_1304742780325119_8309922280203161078_n-copy.jpg\" title=\" \"   rel=\"lightbox[6992]\">\r\n\t\t\t\t\t\t\t\t<img loading=\"lazy\" decoding=\"async\" title=\"317021800_1304742780325119_8309922280203161078_n-copy\" alt=\"317021800_1304742780325119_8309922280203161078_n-copy\" src=\"https:\/\/spbielsk.pl\/wp-content\/gallery\/slownik-polsko-wloski-swietlica-projekt-grudzien-2022\/thumbs\/thumbs_317021800_1304742780325119_8309922280203161078_n-copy.jpg\" width=\"120\" height=\"90\" \/>\r\n\t\t\t\t\t\t\t<\/a>\r\n\t\t<\/div>\r\n\t<\/div>\r\n\t\r\n\t\t\r\n \t\t\r\n\t<div id=\"ngg-image-19931\" class=\"ngg-gallery-thumbnail-box\"  >\r\n\t\t<div class=\"ngg-gallery-thumbnail\" >\r\n\t\t\t<a href=\"https:\/\/spbielsk.pl\/wp-content\/gallery\/slownik-polsko-wloski-swietlica-projekt-grudzien-2022\/317071446_3058541811103826_2414952842412728397_n-copy.jpg\" title=\" \"   rel=\"lightbox[6992]\">\r\n\t\t\t\t\t\t\t\t<img loading=\"lazy\" decoding=\"async\" title=\"317071446_3058541811103826_2414952842412728397_n-copy\" alt=\"317071446_3058541811103826_2414952842412728397_n-copy\" src=\"https:\/\/spbielsk.pl\/wp-content\/gallery\/slownik-polsko-wloski-swietlica-projekt-grudzien-2022\/thumbs\/thumbs_317071446_3058541811103826_2414952842412728397_n-copy.jpg\" width=\"120\" height=\"90\" \/>\r\n\t\t\t\t\t\t\t<\/a>\r\n\t\t<\/div>\r\n\t<\/div>\r\n\t\r\n\t\t\r\n \t\t\r\n\t<div id=\"ngg-image-19932\" class=\"ngg-gallery-thumbnail-box\"  >\r\n\t\t<div class=\"ngg-gallery-thumbnail\" >\r\n\t\t\t<a href=\"https:\/\/spbielsk.pl\/wp-content\/gallery\/slownik-polsko-wloski-swietlica-projekt-grudzien-2022\/317947764_1052810876119881_6588325288313616734_n-copy.jpg\" title=\" \"   rel=\"lightbox[6992]\">\r\n\t\t\t\t\t\t\t\t<img loading=\"lazy\" decoding=\"async\" title=\"317947764_1052810876119881_6588325288313616734_n-copy\" alt=\"317947764_1052810876119881_6588325288313616734_n-copy\" src=\"https:\/\/spbielsk.pl\/wp-content\/gallery\/slownik-polsko-wloski-swietlica-projekt-grudzien-2022\/thumbs\/thumbs_317947764_1052810876119881_6588325288313616734_n-copy.jpg\" width=\"120\" height=\"90\" \/>\r\n\t\t\t\t\t\t\t<\/a>\r\n\t\t<\/div>\r\n\t<\/div>\r\n\t\r\n\t\t\r\n \t\t\r\n\t<div id=\"ngg-image-19933\" class=\"ngg-gallery-thumbnail-box\"  >\r\n\t\t<div class=\"ngg-gallery-thumbnail\" >\r\n\t\t\t<a href=\"https:\/\/spbielsk.pl\/wp-content\/gallery\/slownik-polsko-wloski-swietlica-projekt-grudzien-2022\/318285545_829242114955489_3415885655145649776_n-copy.jpg\" title=\" \"   rel=\"lightbox[6992]\">\r\n\t\t\t\t\t\t\t\t<img loading=\"lazy\" decoding=\"async\" title=\"318285545_829242114955489_3415885655145649776_n-copy\" alt=\"318285545_829242114955489_3415885655145649776_n-copy\" src=\"https:\/\/spbielsk.pl\/wp-content\/gallery\/slownik-polsko-wloski-swietlica-projekt-grudzien-2022\/thumbs\/thumbs_318285545_829242114955489_3415885655145649776_n-copy.jpg\" width=\"120\" height=\"90\" \/>\r\n\t\t\t\t\t\t\t<\/a>\r\n\t\t<\/div>\r\n\t<\/div>\r\n\t\r\n\t\t\r\n \t\t\r\n\t<div id=\"ngg-image-19934\" class=\"ngg-gallery-thumbnail-box\"  >\r\n\t\t<div class=\"ngg-gallery-thumbnail\" >\r\n\t\t\t<a href=\"https:\/\/spbielsk.pl\/wp-content\/gallery\/slownik-polsko-wloski-swietlica-projekt-grudzien-2022\/318302304_1770827476619458_8621136157495519477_n-copy.jpg\" title=\" \"   rel=\"lightbox[6992]\">\r\n\t\t\t\t\t\t\t\t<img loading=\"lazy\" decoding=\"async\" title=\"318302304_1770827476619458_8621136157495519477_n-copy\" alt=\"318302304_1770827476619458_8621136157495519477_n-copy\" src=\"https:\/\/spbielsk.pl\/wp-content\/gallery\/slownik-polsko-wloski-swietlica-projekt-grudzien-2022\/thumbs\/thumbs_318302304_1770827476619458_8621136157495519477_n-copy.jpg\" width=\"120\" height=\"90\" \/>\r\n\t\t\t\t\t\t\t<\/a>\r\n\t\t<\/div>\r\n\t<\/div>\r\n\t\r\n\t\t\r\n \t \t\r\n\t<!-- Pagination -->\r\n \t<div class='ngg-clear'><\/div>\n \t\r\n<\/div>\r\n\r\n<\/p>\n<hr \/>\n<p style=\"text-align: center;\"><strong>Og\u00f3lnopolski Projekt Edukacyjny Europa i Ja (II edycja)<\/strong><\/p>\n<p style=\"text-align: center;\"><a href=\"http:\/\/spbielsk.pl\/wp-content\/uploads\/2022\/10\/306368591_3242857925983800_7806433466229130296_n-1-Copy.jpg\" rel=\"lightbox[6992]\"><img loading=\"lazy\" decoding=\"async\" class=\"aligncenter wp-image-6997 size-medium\" src=\"http:\/\/spbielsk.pl\/wp-content\/uploads\/2022\/10\/306368591_3242857925983800_7806433466229130296_n-1-Copy-300x213.jpg\" alt=\"\" width=\"300\" height=\"213\" srcset=\"https:\/\/spbielsk.pl\/wp-content\/uploads\/2022\/10\/306368591_3242857925983800_7806433466229130296_n-1-Copy-300x213.jpg 300w, https:\/\/spbielsk.pl\/wp-content\/uploads\/2022\/10\/306368591_3242857925983800_7806433466229130296_n-1-Copy-768x545.jpg 768w, https:\/\/spbielsk.pl\/wp-content\/uploads\/2022\/10\/306368591_3242857925983800_7806433466229130296_n-1-Copy.jpg 1024w\" sizes=\"(max-width: 300px) 100vw, 300px\" \/><\/a><\/p>\n<p style=\"text-align: center;\"><strong>Zadanie 2 &#8211; poznajemy bajki, ksi\u0105\u017cki, filmy w\u0142oskie.<\/strong><\/p>\n<p style=\"text-align: center;\">\r\n<div class=\"ngg-galleryoverview\" id=\"ngg-gallery-721-6992\">\r\n\r\n\t<!-- Slideshow link -->\r\n\t<div class=\"slideshowlink\">\r\n\t\t<a class=\"slideshowlink\" href=\"https:\/\/spbielsk.pl\/?page_id=6992&amp;show=slide\">\r\n\t\t\t[Show slideshow]\t\t<\/a>\r\n\t<\/div>\r\n\r\n\t\r\n\t<!-- Thumbnails -->\r\n\t\t\r\n\t<div id=\"ngg-image-19249\" class=\"ngg-gallery-thumbnail-box\"  >\r\n\t\t<div class=\"ngg-gallery-thumbnail\" >\r\n\t\t\t<a href=\"https:\/\/spbielsk.pl\/wp-content\/gallery\/swietlica-bajka-pazdiernik-2022\/312564372_466834795542124_7507690767765562321_n-copy.jpg\" title=\" \"   rel=\"lightbox[6992]\">\r\n\t\t\t\t\t\t\t\t<img loading=\"lazy\" decoding=\"async\" title=\"312564372_466834795542124_7507690767765562321_n-copy\" alt=\"312564372_466834795542124_7507690767765562321_n-copy\" src=\"https:\/\/spbielsk.pl\/wp-content\/gallery\/swietlica-bajka-pazdiernik-2022\/thumbs\/thumbs_312564372_466834795542124_7507690767765562321_n-copy.jpg\" width=\"120\" height=\"90\" \/>\r\n\t\t\t\t\t\t\t<\/a>\r\n\t\t<\/div>\r\n\t<\/div>\r\n\t\r\n\t\t\r\n \t\t\r\n\t<div id=\"ngg-image-19250\" class=\"ngg-gallery-thumbnail-box\"  >\r\n\t\t<div class=\"ngg-gallery-thumbnail\" >\r\n\t\t\t<a href=\"https:\/\/spbielsk.pl\/wp-content\/gallery\/swietlica-bajka-pazdiernik-2022\/312643722_1071598000219050_3914942877410172008_n-copy.jpg\" title=\" \"   rel=\"lightbox[6992]\">\r\n\t\t\t\t\t\t\t\t<img loading=\"lazy\" decoding=\"async\" title=\"312643722_1071598000219050_3914942877410172008_n-copy\" alt=\"312643722_1071598000219050_3914942877410172008_n-copy\" src=\"https:\/\/spbielsk.pl\/wp-content\/gallery\/swietlica-bajka-pazdiernik-2022\/thumbs\/thumbs_312643722_1071598000219050_3914942877410172008_n-copy.jpg\" width=\"120\" height=\"90\" \/>\r\n\t\t\t\t\t\t\t<\/a>\r\n\t\t<\/div>\r\n\t<\/div>\r\n\t\r\n\t\t\r\n \t\t\r\n\t<div id=\"ngg-image-19251\" class=\"ngg-gallery-thumbnail-box\"  >\r\n\t\t<div class=\"ngg-gallery-thumbnail\" >\r\n\t\t\t<a href=\"https:\/\/spbielsk.pl\/wp-content\/gallery\/swietlica-bajka-pazdiernik-2022\/312993133_782575902851331_4307156142877639139_n-copy.jpg\" title=\" \"   rel=\"lightbox[6992]\">\r\n\t\t\t\t\t\t\t\t<img loading=\"lazy\" decoding=\"async\" title=\"312993133_782575902851331_4307156142877639139_n-copy\" alt=\"312993133_782575902851331_4307156142877639139_n-copy\" src=\"https:\/\/spbielsk.pl\/wp-content\/gallery\/swietlica-bajka-pazdiernik-2022\/thumbs\/thumbs_312993133_782575902851331_4307156142877639139_n-copy.jpg\" width=\"120\" height=\"90\" \/>\r\n\t\t\t\t\t\t\t<\/a>\r\n\t\t<\/div>\r\n\t<\/div>\r\n\t\r\n\t\t\r\n \t\t\r\n\t<div id=\"ngg-image-19252\" class=\"ngg-gallery-thumbnail-box\"  >\r\n\t\t<div class=\"ngg-gallery-thumbnail\" >\r\n\t\t\t<a href=\"https:\/\/spbielsk.pl\/wp-content\/gallery\/swietlica-bajka-pazdiernik-2022\/313000553_443662674548280_832685040755844166_n-copy.jpg\" title=\" \"   rel=\"lightbox[6992]\">\r\n\t\t\t\t\t\t\t\t<img loading=\"lazy\" decoding=\"async\" title=\"313000553_443662674548280_832685040755844166_n-copy\" alt=\"313000553_443662674548280_832685040755844166_n-copy\" src=\"https:\/\/spbielsk.pl\/wp-content\/gallery\/swietlica-bajka-pazdiernik-2022\/thumbs\/thumbs_313000553_443662674548280_832685040755844166_n-copy.jpg\" width=\"120\" height=\"90\" \/>\r\n\t\t\t\t\t\t\t<\/a>\r\n\t\t<\/div>\r\n\t<\/div>\r\n\t\r\n\t\t\r\n \t\t\r\n\t<div id=\"ngg-image-19253\" class=\"ngg-gallery-thumbnail-box\"  >\r\n\t\t<div class=\"ngg-gallery-thumbnail\" >\r\n\t\t\t<a href=\"https:\/\/spbielsk.pl\/wp-content\/gallery\/swietlica-bajka-pazdiernik-2022\/313015735_673255267741142_5396613150568753281_n-copy.jpg\" title=\" \"   rel=\"lightbox[6992]\">\r\n\t\t\t\t\t\t\t\t<img loading=\"lazy\" decoding=\"async\" title=\"313015735_673255267741142_5396613150568753281_n-copy\" alt=\"313015735_673255267741142_5396613150568753281_n-copy\" src=\"https:\/\/spbielsk.pl\/wp-content\/gallery\/swietlica-bajka-pazdiernik-2022\/thumbs\/thumbs_313015735_673255267741142_5396613150568753281_n-copy.jpg\" width=\"120\" height=\"90\" \/>\r\n\t\t\t\t\t\t\t<\/a>\r\n\t\t<\/div>\r\n\t<\/div>\r\n\t\r\n\t\t\r\n \t \t\r\n\t<!-- Pagination -->\r\n \t<div class='ngg-clear'><\/div>\n \t\r\n<\/div>\r\n\r\n<\/p>\n<hr \/>\n<p style=\"text-align: center;\"><strong>Zadanie 1. \u00a0Poznajemy symbole narodowe W\u0142och.<\/strong><a href=\"http:\/\/spbielsk.pl\/wp-content\/uploads\/2022\/10\/306368591_3242857925983800_7806433466229130296_n-Copy.jpg\" rel=\"lightbox[6992]\"><img loading=\"lazy\" decoding=\"async\" class=\"aligncenter wp-image-6999 size-medium\" src=\"http:\/\/spbielsk.pl\/wp-content\/uploads\/2022\/10\/306368591_3242857925983800_7806433466229130296_n-Copy-300x225.jpg\" alt=\"\" width=\"300\" height=\"225\" srcset=\"https:\/\/spbielsk.pl\/wp-content\/uploads\/2022\/10\/306368591_3242857925983800_7806433466229130296_n-Copy-300x225.jpg 300w, https:\/\/spbielsk.pl\/wp-content\/uploads\/2022\/10\/306368591_3242857925983800_7806433466229130296_n-Copy-768x576.jpg 768w, https:\/\/spbielsk.pl\/wp-content\/uploads\/2022\/10\/306368591_3242857925983800_7806433466229130296_n-Copy.jpg 1024w\" sizes=\"(max-width: 300px) 100vw, 300px\" \/><\/a><\/p>\n","protected":false},"excerpt":{"rendered":"<p>\u00a0 FRANCJA S\u0142ownik polsko-wloski Og\u00f3lnopolski Projekt Edukacyjny Europa i Ja (II edycja) Zadanie 2 &#8211; poznajemy bajki, ksi\u0105\u017cki, filmy w\u0142oskie. Zadanie 1. \u00a0Poznajemy symbole narodowe W\u0142och.<\/p>\n","protected":false},"author":1,"featured_media":0,"parent":0,"menu_order":0,"comment_status":"closed","ping_status":"closed","template":"","meta":{"footnotes":""},"class_list":["post-6992","page","type-page","status-publish","hentry"],"_links":{"self":[{"href":"https:\/\/spbielsk.pl\/index.php?rest_route=\/wp\/v2\/pages\/6992","targetHints":{"allow":["GET"]}}],"collection":[{"href":"https:\/\/spbielsk.pl\/index.php?rest_route=\/wp\/v2\/pages"}],"about":[{"href":"https:\/\/spbielsk.pl\/index.php?rest_route=\/wp\/v2\/types\/page"}],"author":[{"embeddable":true,"href":"https:\/\/spbielsk.pl\/index.php?rest_route=\/wp\/v2\/users\/1"}],"replies":[{"embeddable":true,"href":"https:\/\/spbielsk.pl\/index.php?rest_route=%2Fwp%2Fv2%2Fcomments&post=6992"}],"version-history":[{"count":6,"href":"https:\/\/spbielsk.pl\/index.php?rest_route=\/wp\/v2\/pages\/6992\/revisions"}],"predecessor-version":[{"id":8175,"href":"https:\/\/spbielsk.pl\/index.php?rest_route=\/wp\/v2\/pages\/6992\/revisions\/8175"}],"wp:attachment":[{"href":"https:\/\/spbielsk.pl\/index.php?rest_route=%2Fwp%2Fv2%2Fmedia&parent=6992"}],"curies":[{"name":"wp","href":"https:\/\/api.w.org\/{rel}","templated":true}]}}