{"id":6251,"date":"2021-12-06T10:53:11","date_gmt":"2021-12-06T09:53:11","guid":{"rendered":"http:\/\/spbielsk.pl\/?page_id=6251"},"modified":"2021-12-06T10:56:28","modified_gmt":"2021-12-06T09:56:28","slug":"statut","status":"publish","type":"page","link":"https:\/\/spbielsk.pl\/?page_id=6251","title":{"rendered":"Statut"},"content":{"rendered":"\n<p style=\"text-align: center;\"><strong>Statut szko\u0142y dost\u0119pny jest w dzienniku elektronicznym \u00a0\u2013 Librus Synergia.<\/strong><\/p>\n<p style=\"text-align: center;\"><strong>Po zalogowaniu si\u0119 do dziennika nale\u017cy kolejno wybra\u0107: Organizacja szko\u0142y \u2013&gt; pliki szko\u0142y.<\/strong><\/p>\n","protected":false},"excerpt":{"rendered":"<p>Statut szko\u0142y dost\u0119pny jest w dzienniku elektronicznym \u00a0\u2013 Librus Synergia. Po zalogowaniu si\u0119 do dziennika nale\u017cy kolejno wybra\u0107: Organizacja szko\u0142y \u2013&gt; pliki szko\u0142y.<\/p>\n","protected":false},"author":1,"featured_media":0,"parent":0,"menu_order":0,"comment_status":"closed","ping_status":"closed","template":"","meta":{"footnotes":""},"class_list":["post-6251","page","type-page","status-publish","hentry"],"_links":{"self":[{"href":"https:\/\/spbielsk.pl\/index.php?rest_route=\/wp\/v2\/pages\/6251","targetHints":{"allow":["GET"]}}],"collection":[{"href":"https:\/\/spbielsk.pl\/index.php?rest_route=\/wp\/v2\/pages"}],"about":[{"href":"https:\/\/spbielsk.pl\/index.php?rest_route=\/wp\/v2\/types\/page"}],"author":[{"embeddable":true,"href":"https:\/\/spbielsk.pl\/index.php?rest_route=\/wp\/v2\/users\/1"}],"replies":[{"embeddable":true,"href":"https:\/\/spbielsk.pl\/index.php?rest_route=%2Fwp%2Fv2%2Fcomments&post=6251"}],"version-history":[{"count":2,"href":"https:\/\/spbielsk.pl\/index.php?rest_route=\/wp\/v2\/pages\/6251\/revisions"}],"predecessor-version":[{"id":6254,"href":"https:\/\/spbielsk.pl\/index.php?rest_route=\/wp\/v2\/pages\/6251\/revisions\/6254"}],"wp:attachment":[{"href":"https:\/\/spbielsk.pl\/index.php?rest_route=%2Fwp%2Fv2%2Fmedia&parent=6251"}],"curies":[{"name":"wp","href":"https:\/\/api.w.org\/{rel}","templated":true}]}}