{"id":5606,"date":"2021-02-24T08:52:48","date_gmt":"2021-02-24T07:52:48","guid":{"rendered":"http:\/\/spbielsk.pl\/?page_id=5606"},"modified":"2021-02-24T09:49:38","modified_gmt":"2021-02-24T08:49:38","slug":"depresja-materialy-dla-uczniow","status":"publish","type":"page","link":"https:\/\/spbielsk.pl\/?page_id=5606","title":{"rendered":"Depresja &#8211; materia\u0142y dla uczni\u00f3w"},"content":{"rendered":"\n<p><a href=\"http:\/\/spbielsk.pl\/wp-content\/uploads\/2021\/02\/2.png\" rel=\"lightbox[5606]\"><img fetchpriority=\"high\" decoding=\"async\" class=\"aligncenter wp-image-5609\" src=\"http:\/\/spbielsk.pl\/wp-content\/uploads\/2021\/02\/2-300x169.png\" alt=\"\" width=\"350\" height=\"197\" srcset=\"https:\/\/spbielsk.pl\/wp-content\/uploads\/2021\/02\/2-300x169.png 300w, https:\/\/spbielsk.pl\/wp-content\/uploads\/2021\/02\/2-768x432.png 768w, https:\/\/spbielsk.pl\/wp-content\/uploads\/2021\/02\/2.png 1024w\" sizes=\"(max-width: 350px) 100vw, 350px\" \/><\/a>Psycholog szkolny zaprasza uczni\u00f3w do zapoznania si\u0119 z materia\u0142ami kampanii Forum Przeciw Depresji &#8211; ulotka informacyjn\u0105 i materia\u0142ami filmowymi.<\/p>\n<p style=\"text-align: right;\">Patrycja Or\u0142owska<\/p>\n<p style=\"text-align: center;\">Depresja. Jak radzi\u0107 sobie w chorobie?<br \/><iframe src=\"\/\/www.youtube.com\/embed\/ffKzfiAwT3o?feature=emb_logo\" width=\"560\" height=\"314\" allowfullscreen=\"allowfullscreen\"><\/iframe><\/p>\n<p style=\"text-align: center;\">Depresja. Terapia wymaga cierpliwo\u015bci i wytrwa\u0142o\u015bci<br \/><iframe src=\"\/\/www.youtube.com\/embed\/RLZWmYQn49s?feature=emb_logo\" width=\"560\" height=\"314\" allowfullscreen=\"allowfullscreen\"><\/iframe><\/p>\n<p style=\"text-align: center;\">Nie b\u00f3j si\u0119 prosi\u0107 o pomoc<br \/><iframe src=\"\/\/www.youtube.com\/embed\/s18Jv3jUb0U?feature=emb_logo\" width=\"560\" height=\"314\" allowfullscreen=\"allowfullscreen\"><\/iframe><\/p>\n<p style=\"text-align: center;\">Depresj\u0119 mo\u017cna wyleczy\u0107<br \/><iframe src=\"\/\/www.youtube.com\/embed\/3ctULbCh0n4?feature=emb_logo\" width=\"560\" height=\"314\" allowfullscreen=\"allowfullscreen\"><\/iframe><\/p>\n<p style=\"text-align: center;\">Nie b\u00f3j si\u0119 reagowa\u0107<br \/><iframe src=\"\/\/www.youtube.com\/embed\/slApgidNLcc?feature=emb_logo\" width=\"560\" height=\"314\" allowfullscreen=\"allowfullscreen\"><\/iframe><\/p>\n<p style=\"text-align: center;\">Warto prosi\u0107 o pomoc<br \/><a title=\"Link zosta\u0142 skonwertowany ze wzgl\u0119d\u00f3w bezpiecze\u0144stwa systemu.\" href=\"https:\/\/liblink.pl\/EM9v7UvPM0\" target=\"_blank\" rel=\"noopener\"><iframe src=\"\/\/www.youtube.com\/embed\/fVW3kcvWWYs?feature=emb_logo\" width=\"560\" height=\"314\" allowfullscreen=\"allowfullscreen\"><\/iframe><\/a><\/p>\n<p style=\"text-align: center;\">Depresja. Kiedy i gdzie szuka\u0107 pomocy?<br \/><a title=\"Link zosta\u0142 skonwertowany ze wzgl\u0119d\u00f3w bezpiecze\u0144stwa systemu.\" href=\"https:\/\/liblink.pl\/2nZAN4Nv0b\" target=\"_blank\" rel=\"noopener\"><iframe src=\"\/\/www.youtube.com\/embed\/CFfEi0Rs-w0?feature=emb_logo\" width=\"560\" height=\"314\" allowfullscreen=\"allowfullscreen\"><\/iframe><\/a><\/p>\n<p style=\"text-align: center;\">Depresja. Jak wspiera\u0107 osob\u0119 chor\u0105?<br \/><iframe src=\"\/\/www.youtube.com\/embed\/-91co7ULBcI?feature=emb_logo\" width=\"560\" height=\"314\" allowfullscreen=\"allowfullscreen\"><\/iframe><\/p>\n<p style=\"text-align: center;\">Depresja. Jak jej zapobiega\u0107?<br \/><iframe src=\"\/\/www.youtube.com\/embed\/q85nf7a8Ego?feature=emb_logo\" width=\"560\" height=\"314\" allowfullscreen=\"allowfullscreen\"><\/iframe><\/p>\n<p style=\"text-align: center;\">Jak radzi\u0107 sobie w chorobie?<br \/><a title=\"Link zosta\u0142 skonwertowany ze wzgl\u0119d\u00f3w bezpiecze\u0144stwa systemu.\" href=\"https:\/\/liblink.pl\/HGHAQ0wfRe\" target=\"_blank\" rel=\"noopener\"><iframe src=\"\/\/www.youtube.com\/embed\/LUHlpbvBnA0?feature=emb_logo\" width=\"560\" height=\"314\" allowfullscreen=\"allowfullscreen\"><\/iframe><\/a><\/p>\n<p style=\"text-align: center;\">Depresja. Jak to si\u0119 zaczyna? Co czuje chory?<br \/><a title=\"Link zosta\u0142 skonwertowany ze wzgl\u0119d\u00f3w bezpiecze\u0144stwa systemu.\" href=\"https:\/\/liblink.pl\/HJ46yTtHwN\" target=\"_blank\" rel=\"noopener\"><iframe src=\"\/\/www.youtube.com\/embed\/91DZEHHd2pk?feature=emb_logo\" width=\"560\" height=\"314\" allowfullscreen=\"allowfullscreen\"><\/iframe><\/a><\/p>\n<p style=\"text-align: center;\">Depresja. Dlaczego choruj\u0119?<br \/><iframe src=\"\/\/www.youtube.com\/embed\/VuB42pTIuDk?feature=emb_logo\" width=\"560\" height=\"314\" allowfullscreen=\"allowfullscreen\"><\/iframe><br \/>Jak mog\u0119 wspiera\u0107 koleg\u0119 lub kole\u017cank\u0119 w chorobie?<br \/><iframe src=\"\/\/www.youtube.com\/embed\/fVURXrCbJ5U?feature=emb_logo\" width=\"560\" height=\"314\" allowfullscreen=\"allowfullscreen\"><\/iframe><\/p>\n<p style=\"text-align: center;\"><a href=\"https:\/\/drive.google.com\/file\/d\/12a6cG2J3zb-IOZDt5VEE6SYsjEzhFqMr\/view?usp=sharing\"><strong>&gt;&gt;&gt; ULOTKA &#8211; PORADNIK DLA M\u0141ODZIE\u017bY &lt;&lt;&lt;<\/strong><\/a><\/p>\n<p style=\"text-align: center;\"><a href=\"http:\/\/spbielsk.pl\/wp-content\/uploads\/2021\/02\/4.png\" rel=\"lightbox[5606]\"><img decoding=\"async\" class=\"aligncenter wp-image-5610 size-medium\" src=\"http:\/\/spbielsk.pl\/wp-content\/uploads\/2021\/02\/4-300x169.png\" alt=\"\" width=\"300\" height=\"169\" srcset=\"https:\/\/spbielsk.pl\/wp-content\/uploads\/2021\/02\/4-300x169.png 300w, https:\/\/spbielsk.pl\/wp-content\/uploads\/2021\/02\/4-768x432.png 768w, https:\/\/spbielsk.pl\/wp-content\/uploads\/2021\/02\/4.png 1024w\" sizes=\"(max-width: 300px) 100vw, 300px\" \/><\/a><\/p>\n","protected":false},"excerpt":{"rendered":"<p>Psycholog szkolny zaprasza uczni\u00f3w do zapoznania si\u0119 z materia\u0142ami kampanii Forum Przeciw Depresji &#8211; ulotka informacyjn\u0105 i materia\u0142ami filmowymi. Patrycja Or\u0142owska Depresja. Jak radzi\u0107 sobie w chorobie? Depresja. Terapia wymaga cierpliwo\u015bci i wytrwa\u0142o\u015bci Nie b\u00f3j si\u0119 prosi\u0107 o pomoc Depresj\u0119 mo\u017cna wyleczy\u0107 Nie b\u00f3j si\u0119 reagowa\u0107 Warto prosi\u0107 o pomoc Depresja. Kiedy i gdzie szuka\u0107 [&hellip;]<\/p>\n","protected":false},"author":1,"featured_media":0,"parent":0,"menu_order":0,"comment_status":"closed","ping_status":"closed","template":"","meta":{"footnotes":""},"class_list":["post-5606","page","type-page","status-publish","hentry"],"_links":{"self":[{"href":"https:\/\/spbielsk.pl\/index.php?rest_route=\/wp\/v2\/pages\/5606","targetHints":{"allow":["GET"]}}],"collection":[{"href":"https:\/\/spbielsk.pl\/index.php?rest_route=\/wp\/v2\/pages"}],"about":[{"href":"https:\/\/spbielsk.pl\/index.php?rest_route=\/wp\/v2\/types\/page"}],"author":[{"embeddable":true,"href":"https:\/\/spbielsk.pl\/index.php?rest_route=\/wp\/v2\/users\/1"}],"replies":[{"embeddable":true,"href":"https:\/\/spbielsk.pl\/index.php?rest_route=%2Fwp%2Fv2%2Fcomments&post=5606"}],"version-history":[{"count":5,"href":"https:\/\/spbielsk.pl\/index.php?rest_route=\/wp\/v2\/pages\/5606\/revisions"}],"predecessor-version":[{"id":5626,"href":"https:\/\/spbielsk.pl\/index.php?rest_route=\/wp\/v2\/pages\/5606\/revisions\/5626"}],"wp:attachment":[{"href":"https:\/\/spbielsk.pl\/index.php?rest_route=%2Fwp%2Fv2%2Fmedia&parent=5606"}],"curies":[{"name":"wp","href":"https:\/\/api.w.org\/{rel}","templated":true}]}}