{"id":5594,"date":"2021-02-24T08:35:30","date_gmt":"2021-02-24T07:35:30","guid":{"rendered":"http:\/\/spbielsk.pl\/?page_id=5594"},"modified":"2021-02-24T09:48:03","modified_gmt":"2021-02-24T08:48:03","slug":"depresja-materialy-dla-rodzicow","status":"publish","type":"page","link":"https:\/\/spbielsk.pl\/?page_id=5594","title":{"rendered":"Depresja &#8211; materia\u0142y dla rodzic\u00f3w"},"content":{"rendered":"\n<p style=\"text-align: justify;\"><a href=\"http:\/\/spbielsk.pl\/wp-content\/uploads\/2021\/02\/3.png\" rel=\"lightbox[5594]\"><img fetchpriority=\"high\" decoding=\"async\" class=\"aligncenter wp-image-5603\" src=\"http:\/\/spbielsk.pl\/wp-content\/uploads\/2021\/02\/3-300x169.png\" alt=\"\" width=\"350\" height=\"197\" srcset=\"https:\/\/spbielsk.pl\/wp-content\/uploads\/2021\/02\/3-300x169.png 300w, https:\/\/spbielsk.pl\/wp-content\/uploads\/2021\/02\/3-768x432.png 768w, https:\/\/spbielsk.pl\/wp-content\/uploads\/2021\/02\/3.png 1024w\" sizes=\"(max-width: 350px) 100vw, 350px\" \/><\/a>Zach\u0119cam rodzic\u00f3w do korzystania z przygotowanych przez Forum Przeciw Depresji materia\u0142\u00f3w graficznych i filmowych dotycz\u0105cych zagro\u017ce\u0144 zdrowia psychicznego, jakie coraz cz\u0119\u015bciej obserwujemy u dzieci i m\u0142odzie\u017cy szkolnej.<\/p>\n<p style=\"text-align: right;\">Patrycja Or\u0142owska<\/p>\n<p style=\"text-align: center;\">Depresja. Jak pom\u00f3c dziecku w chorobie?<br \/><iframe src=\"\/\/www.youtube.com\/embed\/HcO7aUzRj7k?feature=emb_logo\" width=\"560\" height=\"314\" allowfullscreen=\"allowfullscreen\"><\/iframe><\/p>\n<p style=\"text-align: center;\">Depresja. Jak rodzic mo\u017ce j\u0105 rozpozna\u0107 u dziecka?<br \/><iframe src=\"\/\/www.youtube.com\/embed\/UdfkzY8E9vg?feature=emb_logo\" width=\"560\" height=\"314\" allowfullscreen=\"allowfullscreen\"><\/iframe><\/p>\n<p style=\"text-align: center;\">Depresja. Jak wspiera\u0107 osob\u0119 chor\u0105?<br \/><iframe src=\"\/\/www.youtube.com\/embed\/-91co7ULBcI?feature=emb_logo\" width=\"560\" height=\"314\" allowfullscreen=\"allowfullscreen\"><\/iframe><\/p>\n<p style=\"text-align: center;\">Depresja. Jak to si\u0119 zaczyna? Co czuje chory?<br \/><iframe src=\"\/\/www.youtube.com\/embed\/91DZEHHd2pk?feature=emb_logo\" width=\"560\" height=\"314\" allowfullscreen=\"allowfullscreen\"><\/iframe><\/p>\n<p style=\"text-align: center;\">Depresja. Jak jej zapobiega\u0107?<br \/><a title=\"Link zosta\u0142 skonwertowany ze wzgl\u0119d\u00f3w bezpiecze\u0144stwa systemu.\" href=\"https:\/\/liblink.pl\/KxSDGKcdRh\" target=\"_blank\" rel=\"noopener\"><iframe src=\"\/\/www.youtube.com\/embed\/q85nf7a8Ego?feature=emb_logo\" width=\"560\" height=\"314\" allowfullscreen=\"allowfullscreen\"><\/iframe><\/a><\/p>\n<p style=\"text-align: center;\">Depresj\u0119 mo\u017cna wyleczy\u0107<br \/><iframe src=\"\/\/www.youtube.com\/embed\/3ctULbCh0n4?feature=emb_logo\" width=\"560\" height=\"314\" allowfullscreen=\"allowfullscreen\"><\/iframe><\/p>\n<p style=\"text-align: center;\">Nie b\u00f3j si\u0119 reagowa\u0107<br \/><iframe src=\"\/\/www.youtube.com\/embed\/slApgidNLcc?feature=emb_logo\" width=\"560\" height=\"314\" allowfullscreen=\"allowfullscreen\"><\/iframe><\/p>\n<p style=\"text-align: center;\"><a href=\"https:\/\/drive.google.com\/file\/d\/1KM_qqZ_FYGbD9yAJSDjgYMzSkxXYXWyA\/view?usp=sharing\"><strong>&gt;&gt; ULOTKA &#8211; PORADNIK DLA RODZIC\u00d3W &lt;&lt;&lt;<\/strong><\/a><\/p>\n<p style=\"text-align: center;\"><a href=\"http:\/\/spbielsk.pl\/wp-content\/uploads\/2021\/02\/5.png\" rel=\"lightbox[5594]\"><img decoding=\"async\" class=\"aligncenter wp-image-5604 size-medium\" src=\"http:\/\/spbielsk.pl\/wp-content\/uploads\/2021\/02\/5-300x169.png\" alt=\"\" width=\"300\" height=\"169\" srcset=\"https:\/\/spbielsk.pl\/wp-content\/uploads\/2021\/02\/5-300x169.png 300w, https:\/\/spbielsk.pl\/wp-content\/uploads\/2021\/02\/5-768x432.png 768w, https:\/\/spbielsk.pl\/wp-content\/uploads\/2021\/02\/5.png 1024w\" sizes=\"(max-width: 300px) 100vw, 300px\" \/><\/a><\/p>\n","protected":false},"excerpt":{"rendered":"<p>Zach\u0119cam rodzic\u00f3w do korzystania z przygotowanych przez Forum Przeciw Depresji materia\u0142\u00f3w graficznych i filmowych dotycz\u0105cych zagro\u017ce\u0144 zdrowia psychicznego, jakie coraz cz\u0119\u015bciej obserwujemy u dzieci i m\u0142odzie\u017cy szkolnej. Patrycja Or\u0142owska Depresja. Jak pom\u00f3c dziecku w chorobie? Depresja. Jak rodzic mo\u017ce j\u0105 rozpozna\u0107 u dziecka? Depresja. Jak wspiera\u0107 osob\u0119 chor\u0105? Depresja. Jak to si\u0119 zaczyna? Co czuje [&hellip;]<\/p>\n","protected":false},"author":1,"featured_media":0,"parent":0,"menu_order":0,"comment_status":"closed","ping_status":"closed","template":"","meta":{"footnotes":""},"class_list":["post-5594","page","type-page","status-publish","hentry"],"_links":{"self":[{"href":"https:\/\/spbielsk.pl\/index.php?rest_route=\/wp\/v2\/pages\/5594","targetHints":{"allow":["GET"]}}],"collection":[{"href":"https:\/\/spbielsk.pl\/index.php?rest_route=\/wp\/v2\/pages"}],"about":[{"href":"https:\/\/spbielsk.pl\/index.php?rest_route=\/wp\/v2\/types\/page"}],"author":[{"embeddable":true,"href":"https:\/\/spbielsk.pl\/index.php?rest_route=\/wp\/v2\/users\/1"}],"replies":[{"embeddable":true,"href":"https:\/\/spbielsk.pl\/index.php?rest_route=%2Fwp%2Fv2%2Fcomments&post=5594"}],"version-history":[{"count":9,"href":"https:\/\/spbielsk.pl\/index.php?rest_route=\/wp\/v2\/pages\/5594\/revisions"}],"predecessor-version":[{"id":5625,"href":"https:\/\/spbielsk.pl\/index.php?rest_route=\/wp\/v2\/pages\/5594\/revisions\/5625"}],"wp:attachment":[{"href":"https:\/\/spbielsk.pl\/index.php?rest_route=%2Fwp%2Fv2%2Fmedia&parent=5594"}],"curies":[{"name":"wp","href":"https:\/\/api.w.org\/{rel}","templated":true}]}}