{"id":4162,"date":"2019-02-26T12:23:31","date_gmt":"2019-02-26T11:23:31","guid":{"rendered":"http:\/\/spbielsk.pl\/?page_id=4162"},"modified":"2025-01-28T13:00:45","modified_gmt":"2025-01-28T12:00:45","slug":"wystawy","status":"publish","type":"page","link":"https:\/\/spbielsk.pl\/?page_id=4162","title":{"rendered":"Gazetki \/ Wystawy"},"content":{"rendered":"<p style=\"text-align: center;\"><strong>TWOJA PRZYSZ\u0141O\u015a\u0106, TW\u00d3J WYB\u00d3R &#8211; ZACZNIJ PLANOWA\u0106 JU\u017b DZI\u015a!<\/strong><\/p>\n<p style=\"text-align: center;\"><a href=\"http:\/\/spbielsk.pl\/wp-content\/uploads\/2024\/12\/gazetka-2.jpg\" rel=\"lightbox[4162]\"><img decoding=\"async\" class=\"aligncenter wp-image-9415 size-medium\" src=\"http:\/\/spbielsk.pl\/wp-content\/uploads\/2024\/12\/gazetka-2-300x151.jpg\" alt=\"\" width=\"300\" height=\"151\" srcset=\"https:\/\/spbielsk.pl\/wp-content\/uploads\/2024\/12\/gazetka-2-300x151.jpg 300w, https:\/\/spbielsk.pl\/wp-content\/uploads\/2024\/12\/gazetka-2-768x386.jpg 768w, https:\/\/spbielsk.pl\/wp-content\/uploads\/2024\/12\/gazetka-2.jpg 1024w\" sizes=\"(max-width: 300px) 100vw, 300px\" \/><\/a><\/p>\n<p style=\"text-align: center;\">\r\n<div class=\"ngg-galleryoverview\" id=\"ngg-gallery-1042-4162\">\r\n\r\n\t<!-- Slideshow link -->\r\n\t<div class=\"slideshowlink\">\r\n\t\t<a class=\"slideshowlink\" href=\"https:\/\/spbielsk.pl\/?page_id=4162&amp;show=slide\">\r\n\t\t\t[Show slideshow]\t\t<\/a>\r\n\t<\/div>\r\n\r\n\t\r\n\t<!-- Thumbnails -->\r\n\t\t\r\n\t<div id=\"ngg-image-27292\" class=\"ngg-gallery-thumbnail-box\"  >\r\n\t\t<div class=\"ngg-gallery-thumbnail\" >\r\n\t\t\t<a href=\"https:\/\/spbielsk.pl\/wp-content\/gallery\/gazetka-dor-zaw-grudzien-2024\/a686f7d3-4a66-4894-ba5f-741d895026bb.jpg\" title=\" \"   rel=\"lightbox[4162]\">\r\n\t\t\t\t\t\t\t\t<img decoding=\"async\" title=\"a686f7d3-4a66-4894-ba5f-741d895026bb\" alt=\"a686f7d3-4a66-4894-ba5f-741d895026bb\" src=\"https:\/\/spbielsk.pl\/wp-content\/gallery\/gazetka-dor-zaw-grudzien-2024\/thumbs\/thumbs_a686f7d3-4a66-4894-ba5f-741d895026bb.jpg\" width=\"120\" height=\"90\" \/>\r\n\t\t\t\t\t\t\t<\/a>\r\n\t\t<\/div>\r\n\t<\/div>\r\n\t\r\n\t\t\r\n \t\t\r\n\t<div id=\"ngg-image-27293\" class=\"ngg-gallery-thumbnail-box\"  >\r\n\t\t<div class=\"ngg-gallery-thumbnail\" >\r\n\t\t\t<a href=\"https:\/\/spbielsk.pl\/wp-content\/gallery\/gazetka-dor-zaw-grudzien-2024\/co-po-szkole-gazetka.jpg\" title=\" \"   rel=\"lightbox[4162]\">\r\n\t\t\t\t\t\t\t\t<img decoding=\"async\" title=\"co-po-szkole-gazetka\" alt=\"co-po-szkole-gazetka\" src=\"https:\/\/spbielsk.pl\/wp-content\/gallery\/gazetka-dor-zaw-grudzien-2024\/thumbs\/thumbs_co-po-szkole-gazetka.jpg\" width=\"120\" height=\"90\" \/>\r\n\t\t\t\t\t\t\t<\/a>\r\n\t\t<\/div>\r\n\t<\/div>\r\n\t\r\n\t\t\r\n \t\t\r\n\t<div id=\"ngg-image-27294\" class=\"ngg-gallery-thumbnail-box\"  >\r\n\t\t<div class=\"ngg-gallery-thumbnail\" >\r\n\t\t\t<a href=\"https:\/\/spbielsk.pl\/wp-content\/gallery\/gazetka-dor-zaw-grudzien-2024\/dadf8549-a9d8-410f-b2b8-faed55cff392.jpg\" title=\" \"   rel=\"lightbox[4162]\">\r\n\t\t\t\t\t\t\t\t<img loading=\"lazy\" decoding=\"async\" title=\"dadf8549-a9d8-410f-b2b8-faed55cff392\" alt=\"dadf8549-a9d8-410f-b2b8-faed55cff392\" src=\"https:\/\/spbielsk.pl\/wp-content\/gallery\/gazetka-dor-zaw-grudzien-2024\/thumbs\/thumbs_dadf8549-a9d8-410f-b2b8-faed55cff392.jpg\" width=\"120\" height=\"90\" \/>\r\n\t\t\t\t\t\t\t<\/a>\r\n\t\t<\/div>\r\n\t<\/div>\r\n\t\r\n\t\t\r\n \t\t\r\n\t<div id=\"ngg-image-27295\" class=\"ngg-gallery-thumbnail-box\"  >\r\n\t\t<div class=\"ngg-gallery-thumbnail\" >\r\n\t\t\t<a href=\"https:\/\/spbielsk.pl\/wp-content\/gallery\/gazetka-dor-zaw-grudzien-2024\/f9202e82-9942-44cd-a798-c47b45224f32.jpg\" title=\" \"   rel=\"lightbox[4162]\">\r\n\t\t\t\t\t\t\t\t<img loading=\"lazy\" decoding=\"async\" title=\"f9202e82-9942-44cd-a798-c47b45224f32\" alt=\"f9202e82-9942-44cd-a798-c47b45224f32\" src=\"https:\/\/spbielsk.pl\/wp-content\/gallery\/gazetka-dor-zaw-grudzien-2024\/thumbs\/thumbs_f9202e82-9942-44cd-a798-c47b45224f32.jpg\" width=\"120\" height=\"90\" \/>\r\n\t\t\t\t\t\t\t<\/a>\r\n\t\t<\/div>\r\n\t<\/div>\r\n\t\r\n\t\t\r\n \t \t\r\n\t<!-- Pagination -->\r\n \t<div class='ngg-clear'><\/div>\n \t\r\n<\/div>\r\n\r\n<\/p>\n<hr \/>\n<p style=\"text-align: center;\"><strong>EGZAMIN \u00d3SMOKLASISTY<\/strong><\/p>\n<p style=\"text-align: center;\"><a href=\"http:\/\/spbielsk.pl\/wp-content\/uploads\/2024\/12\/1.jpg\" rel=\"lightbox[4162]\"><img loading=\"lazy\" decoding=\"async\" class=\"aligncenter wp-image-9485 size-medium\" src=\"http:\/\/spbielsk.pl\/wp-content\/uploads\/2024\/12\/1-300x148.jpg\" alt=\"\" width=\"300\" height=\"148\" srcset=\"https:\/\/spbielsk.pl\/wp-content\/uploads\/2024\/12\/1-300x148.jpg 300w, https:\/\/spbielsk.pl\/wp-content\/uploads\/2024\/12\/1-768x380.jpg 768w, https:\/\/spbielsk.pl\/wp-content\/uploads\/2024\/12\/1.jpg 1024w\" sizes=\"(max-width: 300px) 100vw, 300px\" \/><\/a><\/p>\n<hr \/>\n<p style=\"text-align: center;\"><strong>JAK DOBRZE WYBRA\u0106 SZKO\u0141\u0118.<\/strong><\/p>\n<p style=\"text-align: center;\"><a href=\"http:\/\/spbielsk.pl\/wp-content\/uploads\/2024\/12\/2.jpg\" rel=\"lightbox[4162]\"><img loading=\"lazy\" decoding=\"async\" class=\"aligncenter wp-image-9484 size-medium\" src=\"http:\/\/spbielsk.pl\/wp-content\/uploads\/2024\/12\/2-300x148.jpg\" alt=\"\" width=\"300\" height=\"148\" srcset=\"https:\/\/spbielsk.pl\/wp-content\/uploads\/2024\/12\/2-300x148.jpg 300w, https:\/\/spbielsk.pl\/wp-content\/uploads\/2024\/12\/2-768x380.jpg 768w, https:\/\/spbielsk.pl\/wp-content\/uploads\/2024\/12\/2.jpg 1024w\" sizes=\"(max-width: 300px) 100vw, 300px\" \/><\/a><\/p>\n<hr \/>\n<p style=\"text-align: center;\"><strong>Mam w sobie wewn\u0119trzn\u0105 moc, aby wybra\u0107 cel.<\/strong><\/p>\n<p style=\"text-align: center;\"><a href=\"http:\/\/spbielsk.pl\/wp-content\/uploads\/2024\/12\/3.jpg\" rel=\"lightbox[4162]\"><img loading=\"lazy\" decoding=\"async\" class=\"aligncenter wp-image-9483 size-medium\" src=\"http:\/\/spbielsk.pl\/wp-content\/uploads\/2024\/12\/3-300x149.jpg\" alt=\"\" width=\"300\" height=\"149\" srcset=\"https:\/\/spbielsk.pl\/wp-content\/uploads\/2024\/12\/3-300x149.jpg 300w, https:\/\/spbielsk.pl\/wp-content\/uploads\/2024\/12\/3-768x381.jpg 768w, https:\/\/spbielsk.pl\/wp-content\/uploads\/2024\/12\/3.jpg 1024w\" sizes=\"(max-width: 300px) 100vw, 300px\" \/><\/a><\/p>\n<hr \/>\n<p style=\"text-align: center;\"><strong>PRZEPIS NA SUKCES ZAWODOWY<\/strong><\/p>\n<p style=\"text-align: center;\"><a href=\"http:\/\/spbielsk.pl\/wp-content\/uploads\/2024\/12\/Gazetka.jpg\" rel=\"lightbox[4162]\"><img loading=\"lazy\" decoding=\"async\" class=\"aligncenter wp-image-9414 size-medium\" src=\"http:\/\/spbielsk.pl\/wp-content\/uploads\/2024\/12\/Gazetka-300x146.jpg\" alt=\"\" width=\"300\" height=\"146\" srcset=\"https:\/\/spbielsk.pl\/wp-content\/uploads\/2024\/12\/Gazetka-300x146.jpg 300w, https:\/\/spbielsk.pl\/wp-content\/uploads\/2024\/12\/Gazetka-768x374.jpg 768w, https:\/\/spbielsk.pl\/wp-content\/uploads\/2024\/12\/Gazetka.jpg 1024w\" sizes=\"(max-width: 300px) 100vw, 300px\" \/><\/a><\/p>\n<hr \/>\n<p style=\"text-align: center;\"><strong>SAVOIR VIVRE &#8211; ZASADY NIE OD PARADY<\/strong><\/p>\n<p style=\"text-align: center;\"><img loading=\"lazy\" decoding=\"async\" class=\"aligncenter size-medium wp-image-9413\" src=\"http:\/\/spbielsk.pl\/wp-content\/uploads\/2024\/12\/Savoir-vivre-zasady-nie-od-parady-GAZETKA-1-300x178.jpg\" alt=\"\" width=\"300\" height=\"178\" srcset=\"https:\/\/spbielsk.pl\/wp-content\/uploads\/2024\/12\/Savoir-vivre-zasady-nie-od-parady-GAZETKA-1-300x178.jpg 300w, https:\/\/spbielsk.pl\/wp-content\/uploads\/2024\/12\/Savoir-vivre-zasady-nie-od-parady-GAZETKA-1-768x457.jpg 768w, https:\/\/spbielsk.pl\/wp-content\/uploads\/2024\/12\/Savoir-vivre-zasady-nie-od-parady-GAZETKA-1.jpg 1024w\" sizes=\"(max-width: 300px) 100vw, 300px\" \/><\/p>\n<hr \/>\n<p style=\"text-align: justify;\"><strong>Co po szkole? System edukacji w Polsce, <\/strong>gazetka przedstawia ofert\u0119 szk\u00f3\u0142 ponadpodstawowych w naszym regionie.<\/p>\n<p><a href=\"http:\/\/spbielsk.pl\/wp-content\/uploads\/2019\/05\/IMG_20190509_141318.jpg\" rel=\"lightbox[4162]\"><img loading=\"lazy\" decoding=\"async\" class=\"wp-image-4368 size-medium aligncenter\" src=\"http:\/\/spbielsk.pl\/wp-content\/uploads\/2019\/05\/IMG_20190509_141318-300x159.jpg\" alt=\"\" width=\"300\" height=\"159\" srcset=\"https:\/\/spbielsk.pl\/wp-content\/uploads\/2019\/05\/IMG_20190509_141318-300x159.jpg 300w, https:\/\/spbielsk.pl\/wp-content\/uploads\/2019\/05\/IMG_20190509_141318-768x407.jpg 768w, https:\/\/spbielsk.pl\/wp-content\/uploads\/2019\/05\/IMG_20190509_141318.jpg 1024w\" sizes=\"(max-width: 300px) 100vw, 300px\" \/><\/a><\/p>\n<hr \/>\n<p style=\"text-align: justify;\">W naszej szkole zosta\u0142a przygotowana wystawa pt. &#8222;<strong>Trzymaj si\u0119 swoich chmur &#8211; dokonaj w\u0142a\u015bciwego wyboru przysz\u0142ego zawodu&#8221;<\/strong>. Ma ona na celu przygotowanie uczni\u00f3w do wyboru dalszej \u015bcie\u017cki edukacyjno &#8211; zawodowej.<\/p>\n<p style=\"text-align: center;\">\r\n<div class=\"ngg-galleryoverview\" id=\"ngg-gallery-450-4162\">\r\n\r\n\t<!-- Slideshow link -->\r\n\t<div class=\"slideshowlink\">\r\n\t\t<a class=\"slideshowlink\" href=\"https:\/\/spbielsk.pl\/?page_id=4162&amp;show=slide\">\r\n\t\t\t[Show slideshow]\t\t<\/a>\r\n\t<\/div>\r\n\r\n\t\r\n\t<!-- Thumbnails -->\r\n\t\t\r\n\t<div id=\"ngg-image-13047\" class=\"ngg-gallery-thumbnail-box\"  >\r\n\t\t<div class=\"ngg-gallery-thumbnail\" >\r\n\t\t\t<a href=\"https:\/\/spbielsk.pl\/wp-content\/gallery\/doradztwo-gazetka-1\/52369198_1890810011027310_2105180230179094528_o.jpg\" title=\" \"   rel=\"lightbox[4162]\">\r\n\t\t\t\t\t\t\t\t<img loading=\"lazy\" decoding=\"async\" title=\"52369198_1890810011027310_2105180230179094528_o\" alt=\"52369198_1890810011027310_2105180230179094528_o\" src=\"https:\/\/spbielsk.pl\/wp-content\/gallery\/doradztwo-gazetka-1\/thumbs\/thumbs_52369198_1890810011027310_2105180230179094528_o.jpg\" width=\"120\" height=\"90\" \/>\r\n\t\t\t\t\t\t\t<\/a>\r\n\t\t<\/div>\r\n\t<\/div>\r\n\t\r\n\t\t\r\n \t\t\r\n\t<div id=\"ngg-image-13048\" class=\"ngg-gallery-thumbnail-box\"  >\r\n\t\t<div class=\"ngg-gallery-thumbnail\" >\r\n\t\t\t<a href=\"https:\/\/spbielsk.pl\/wp-content\/gallery\/doradztwo-gazetka-1\/52446220_1890810177693960_1870951070545477632_o.jpg\" title=\" \"   rel=\"lightbox[4162]\">\r\n\t\t\t\t\t\t\t\t<img loading=\"lazy\" decoding=\"async\" title=\"52446220_1890810177693960_1870951070545477632_o\" alt=\"52446220_1890810177693960_1870951070545477632_o\" src=\"https:\/\/spbielsk.pl\/wp-content\/gallery\/doradztwo-gazetka-1\/thumbs\/thumbs_52446220_1890810177693960_1870951070545477632_o.jpg\" width=\"120\" height=\"90\" \/>\r\n\t\t\t\t\t\t\t<\/a>\r\n\t\t<\/div>\r\n\t<\/div>\r\n\t\r\n\t\t\r\n \t\t\r\n\t<div id=\"ngg-image-13049\" class=\"ngg-gallery-thumbnail-box\"  >\r\n\t\t<div class=\"ngg-gallery-thumbnail\" >\r\n\t\t\t<a href=\"https:\/\/spbielsk.pl\/wp-content\/gallery\/doradztwo-gazetka-1\/52513981_1890810091027302_983537129848045568_o.jpg\" title=\" \"   rel=\"lightbox[4162]\">\r\n\t\t\t\t\t\t\t\t<img loading=\"lazy\" decoding=\"async\" title=\"52513981_1890810091027302_983537129848045568_o\" alt=\"52513981_1890810091027302_983537129848045568_o\" src=\"https:\/\/spbielsk.pl\/wp-content\/gallery\/doradztwo-gazetka-1\/thumbs\/thumbs_52513981_1890810091027302_983537129848045568_o.jpg\" width=\"120\" height=\"90\" \/>\r\n\t\t\t\t\t\t\t<\/a>\r\n\t\t<\/div>\r\n\t<\/div>\r\n\t\r\n\t\t\r\n \t\t\r\n\t<div id=\"ngg-image-13050\" class=\"ngg-gallery-thumbnail-box\"  >\r\n\t\t<div class=\"ngg-gallery-thumbnail\" >\r\n\t\t\t<a href=\"https:\/\/spbielsk.pl\/wp-content\/gallery\/doradztwo-gazetka-1\/52586413_1890809831027328_8040541470920278016_o.jpg\" title=\" \"   rel=\"lightbox[4162]\">\r\n\t\t\t\t\t\t\t\t<img loading=\"lazy\" decoding=\"async\" title=\"52586413_1890809831027328_8040541470920278016_o\" alt=\"52586413_1890809831027328_8040541470920278016_o\" src=\"https:\/\/spbielsk.pl\/wp-content\/gallery\/doradztwo-gazetka-1\/thumbs\/thumbs_52586413_1890809831027328_8040541470920278016_o.jpg\" width=\"120\" height=\"90\" \/>\r\n\t\t\t\t\t\t\t<\/a>\r\n\t\t<\/div>\r\n\t<\/div>\r\n\t\r\n\t\t\r\n \t\t\r\n\t<div id=\"ngg-image-13051\" class=\"ngg-gallery-thumbnail-box\"  >\r\n\t\t<div class=\"ngg-gallery-thumbnail\" >\r\n\t\t\t<a href=\"https:\/\/spbielsk.pl\/wp-content\/gallery\/doradztwo-gazetka-1\/52588564_1890809474360697_6242452506211778560_n.jpg\" title=\" \"   rel=\"lightbox[4162]\">\r\n\t\t\t\t\t\t\t\t<img loading=\"lazy\" decoding=\"async\" title=\"52588564_1890809474360697_6242452506211778560_n\" alt=\"52588564_1890809474360697_6242452506211778560_n\" src=\"https:\/\/spbielsk.pl\/wp-content\/gallery\/doradztwo-gazetka-1\/thumbs\/thumbs_52588564_1890809474360697_6242452506211778560_n.jpg\" width=\"120\" height=\"90\" \/>\r\n\t\t\t\t\t\t\t<\/a>\r\n\t\t<\/div>\r\n\t<\/div>\r\n\t\r\n\t\t\r\n \t\t\r\n\t<div id=\"ngg-image-13052\" class=\"ngg-gallery-thumbnail-box\"  >\r\n\t\t<div class=\"ngg-gallery-thumbnail\" >\r\n\t\t\t<a href=\"https:\/\/spbielsk.pl\/wp-content\/gallery\/doradztwo-gazetka-1\/52598620_1890809534360691_9061564413902848000_n.jpg\" title=\" \"   rel=\"lightbox[4162]\">\r\n\t\t\t\t\t\t\t\t<img loading=\"lazy\" decoding=\"async\" title=\"52598620_1890809534360691_9061564413902848000_n\" alt=\"52598620_1890809534360691_9061564413902848000_n\" src=\"https:\/\/spbielsk.pl\/wp-content\/gallery\/doradztwo-gazetka-1\/thumbs\/thumbs_52598620_1890809534360691_9061564413902848000_n.jpg\" width=\"120\" height=\"90\" \/>\r\n\t\t\t\t\t\t\t<\/a>\r\n\t\t<\/div>\r\n\t<\/div>\r\n\t\r\n\t\t\r\n \t\t\r\n\t<div id=\"ngg-image-13053\" class=\"ngg-gallery-thumbnail-box\"  >\r\n\t\t<div class=\"ngg-gallery-thumbnail\" >\r\n\t\t\t<a href=\"https:\/\/spbielsk.pl\/wp-content\/gallery\/doradztwo-gazetka-1\/52917947_1890809747694003_5535288022121054208_o.jpg\" title=\" \"   rel=\"lightbox[4162]\">\r\n\t\t\t\t\t\t\t\t<img loading=\"lazy\" decoding=\"async\" title=\"52917947_1890809747694003_5535288022121054208_o\" alt=\"52917947_1890809747694003_5535288022121054208_o\" src=\"https:\/\/spbielsk.pl\/wp-content\/gallery\/doradztwo-gazetka-1\/thumbs\/thumbs_52917947_1890809747694003_5535288022121054208_o.jpg\" width=\"120\" height=\"90\" \/>\r\n\t\t\t\t\t\t\t<\/a>\r\n\t\t<\/div>\r\n\t<\/div>\r\n\t\r\n\t\t\r\n \t \t\r\n\t<!-- Pagination -->\r\n \t<div class='ngg-clear'><\/div>\n \t\r\n<\/div>\r\n\r\n<\/p>\n<hr \/>\n<p style=\"text-align: justify;\">W ramach Centrum Informacji Zawodowej dzia\u0142aj\u0105cego w naszej szkole zosta\u0142a przygotowana gazetka pt. &#8222;<strong>10 zasad, kt\u00f3re s\u0105 pomocne, gdy wybierasz dalsz\u0105 edukacj<\/strong>\u0119&#8221;, przedstawiaj\u0105ca wskaz\u00f3wki dotycz\u0105ce w\u0142a\u015bciwego wyboru szko\u0142y \u015bredniej.<\/p>\n<p style=\"text-align: center;\"><a href=\"http:\/\/spbielsk.pl\/wp-content\/uploads\/2019\/02\/52407164_1890801924361452_6819194501563678720_o.jpg\" rel=\"lightbox[4162]\"><img loading=\"lazy\" decoding=\"async\" class=\"aligncenter wp-image-4163 size-medium\" src=\"http:\/\/spbielsk.pl\/wp-content\/uploads\/2019\/02\/52407164_1890801924361452_6819194501563678720_o-300x163.jpg\" alt=\"\" width=\"300\" height=\"163\" srcset=\"https:\/\/spbielsk.pl\/wp-content\/uploads\/2019\/02\/52407164_1890801924361452_6819194501563678720_o-300x163.jpg 300w, https:\/\/spbielsk.pl\/wp-content\/uploads\/2019\/02\/52407164_1890801924361452_6819194501563678720_o-768x417.jpg 768w, https:\/\/spbielsk.pl\/wp-content\/uploads\/2019\/02\/52407164_1890801924361452_6819194501563678720_o-1024x557.jpg 1024w, https:\/\/spbielsk.pl\/wp-content\/uploads\/2019\/02\/52407164_1890801924361452_6819194501563678720_o.jpg 2048w\" sizes=\"(max-width: 300px) 100vw, 300px\" \/><\/a><\/p>\n","protected":false},"excerpt":{"rendered":"<p>TWOJA PRZYSZ\u0141O\u015a\u0106, TW\u00d3J WYB\u00d3R &#8211; ZACZNIJ PLANOWA\u0106 JU\u017b DZI\u015a! EGZAMIN \u00d3SMOKLASISTY JAK DOBRZE WYBRA\u0106 SZKO\u0141\u0118. Mam w sobie wewn\u0119trzn\u0105 moc, aby wybra\u0107 cel. PRZEPIS NA SUKCES ZAWODOWY SAVOIR VIVRE &#8211; ZASADY NIE OD PARADY Co po szkole? System edukacji w Polsce, gazetka przedstawia ofert\u0119 szk\u00f3\u0142 ponadpodstawowych w naszym regionie. W naszej szkole zosta\u0142a przygotowana wystawa [&hellip;]<\/p>\n","protected":false},"author":1,"featured_media":0,"parent":0,"menu_order":0,"comment_status":"closed","ping_status":"closed","template":"","meta":{"footnotes":""},"class_list":["post-4162","page","type-page","status-publish","hentry"],"_links":{"self":[{"href":"https:\/\/spbielsk.pl\/index.php?rest_route=\/wp\/v2\/pages\/4162","targetHints":{"allow":["GET"]}}],"collection":[{"href":"https:\/\/spbielsk.pl\/index.php?rest_route=\/wp\/v2\/pages"}],"about":[{"href":"https:\/\/spbielsk.pl\/index.php?rest_route=\/wp\/v2\/types\/page"}],"author":[{"embeddable":true,"href":"https:\/\/spbielsk.pl\/index.php?rest_route=\/wp\/v2\/users\/1"}],"replies":[{"embeddable":true,"href":"https:\/\/spbielsk.pl\/index.php?rest_route=%2Fwp%2Fv2%2Fcomments&post=4162"}],"version-history":[{"count":7,"href":"https:\/\/spbielsk.pl\/index.php?rest_route=\/wp\/v2\/pages\/4162\/revisions"}],"predecessor-version":[{"id":9625,"href":"https:\/\/spbielsk.pl\/index.php?rest_route=\/wp\/v2\/pages\/4162\/revisions\/9625"}],"wp:attachment":[{"href":"https:\/\/spbielsk.pl\/index.php?rest_route=%2Fwp%2Fv2%2Fmedia&parent=4162"}],"curies":[{"name":"wp","href":"https:\/\/api.w.org\/{rel}","templated":true}]}}