{"id":4152,"date":"2019-02-26T12:11:59","date_gmt":"2019-02-26T11:11:59","guid":{"rendered":"http:\/\/spbielsk.pl\/?page_id=4152"},"modified":"2026-05-04T20:30:23","modified_gmt":"2026-05-04T19:30:23","slug":"informacje","status":"publish","type":"page","link":"https:\/\/spbielsk.pl\/?page_id=4152","title":{"rendered":"Informacje"},"content":{"rendered":"<p style=\"text-align: center;\">\n<p style=\"text-align: center;\"><a href=\"https:\/\/drive.google.com\/file\/d\/1bAcGifr0OSjRLPif6_wvMXquYFHaFbWH\/view?usp=sharing\"><strong>ZASADY REKRUTACJI DO SZK\u00d3\u0141 PONADPODSTAWOWYCH<\/strong><\/a><\/p>\n<p style=\"text-align: center;\"><a href=\"https:\/\/drive.google.com\/file\/d\/1W9MqwcznyJ-z5DOp7bP6LQNUte6XknTS\/view?usp=sharing\"><strong>TERMINY POST\u0118POWANIA REKRUTACYJNEGO DO SZK\u00d3\u0141 PONADPODSTAWOWYCH 2025\/26<\/strong><\/a><\/p>\n<p style=\"text-align: center;\"><a href=\"https:\/\/drive.google.com\/file\/d\/1JXwpJRI5iS1aMxYnwKbRzaQFHyvWy0QE\/view?usp=sharing\"><strong>CO DALEJ PO SZKOLE PODSTAWOWEJ?<\/strong><\/a><\/p>\n<p style=\"text-align: center;\"><a href=\"https:\/\/drive.google.com\/file\/d\/1cSRzt-kHCUTg1PzV5GH6SIxnuDhAytRp\/view?usp=sharing\"><strong>M\u00f3j trafny wyb\u00f3r<\/strong><\/a><\/p>\n<p style=\"text-align: center;\"><span style=\"font-size: 12pt;\"><strong><a href=\"https:\/\/drive.google.com\/file\/d\/1iHwJHpY0v-1v4LXsArXIo1-Nbqp7P440\/view?usp=sharing\">10 ZASAD WYBORU SZKO\u0141Y<\/a><\/strong><\/span><\/p>\n<p style=\"text-align: center;\"><span style=\"font-size: 12pt;\"><strong><a href=\"https:\/\/drive.google.com\/file\/d\/11a5nRrtt9v785D1yuCQV5yuUJwoZFuK0\/view?usp=sharing\">\u015aCIE\u017bKI KSZTA\u0141CENIA ZAWODOWEGO<\/a><\/strong><\/span><\/p>\n<p style=\"text-align: center;\"><a href=\"https:\/\/mapakarier.org\/\"><strong>Interaktywna i darmowa baza informacji o \u015bcie\u017ckach kariery i rynku pracy.<\/strong><\/a><\/p>\n<p style=\"text-align: center;\"><strong><a href=\"https:\/\/takzdam.pl\/kalkulator-punktow\/\">Kalkulator punkt\u00f3w<\/a><\/strong><\/p>\n<p style=\"text-align: center;\"><a href=\"https:\/\/barometrzawodow.pl\/forecast-card-zip\/2024\/poster_pl\/BAROMETR_ZAWODOW_wojewodztwo_mazowieckie_2024.pdf\"><strong>Barometr zawod\u00f3w<\/strong><\/a><\/p>\n<p style=\"text-align: center;\"><a href=\"https:\/\/mapakarier.org\/blog\/136\/jak-pomoc-dziecku-w-wyborze-szkoly-ponadpodstawowej\/\"><strong>Jak pom\u00f3c dziecku w wyborze szko\u0142y ponadpodstawowej?<\/strong><\/a><\/p>\n<p style=\"text-align: center;\"><a href=\"https:\/\/mapakarier.org\/blog\/114\/o-jakich-zawodach-dla-swoich-dzieci-marza-rodzice\/\"><strong>O jakich zawodach dla swoich dzieci marz\u0105 rodzice?<\/strong><\/a><\/p>\n<p style=\"text-align: center;\"><a href=\"https:\/\/drive.google.com\/file\/d\/1q8jVa0l7c0Rf4WvQnzh3zKUcifv0WhC-\/view?usp=sharing\"><strong>Rodzic jako doradca<\/strong><\/a><\/p>\n<p style=\"text-align: center;\"><span style=\"font-size: 12pt;\"><strong><a href=\"https:\/\/drive.google.com\/file\/d\/1zldXjuRjDO3fmERKSMeuzz8MB3V1Yhjb\/view?usp=sharing\">KONKURS ZAWODOZNAWCZY &#8211; KL. VII, VIII<\/a><\/strong><\/span><\/p>\n","protected":false},"excerpt":{"rendered":"<p>ZASADY REKRUTACJI DO SZK\u00d3\u0141 PONADPODSTAWOWYCH TERMINY POST\u0118POWANIA REKRUTACYJNEGO DO SZK\u00d3\u0141 PONADPODSTAWOWYCH 2025\/26 CO DALEJ PO SZKOLE PODSTAWOWEJ? M\u00f3j trafny wyb\u00f3r 10 ZASAD WYBORU SZKO\u0141Y \u015aCIE\u017bKI KSZTA\u0141CENIA ZAWODOWEGO Interaktywna i darmowa baza informacji o \u015bcie\u017ckach kariery i rynku pracy. Kalkulator punkt\u00f3w Barometr zawod\u00f3w Jak pom\u00f3c dziecku w wyborze szko\u0142y ponadpodstawowej? O jakich zawodach dla swoich dzieci [&hellip;]<\/p>\n","protected":false},"author":1,"featured_media":0,"parent":0,"menu_order":0,"comment_status":"closed","ping_status":"closed","template":"","meta":{"footnotes":""},"class_list":["post-4152","page","type-page","status-publish","hentry"],"_links":{"self":[{"href":"https:\/\/spbielsk.pl\/index.php?rest_route=\/wp\/v2\/pages\/4152","targetHints":{"allow":["GET"]}}],"collection":[{"href":"https:\/\/spbielsk.pl\/index.php?rest_route=\/wp\/v2\/pages"}],"about":[{"href":"https:\/\/spbielsk.pl\/index.php?rest_route=\/wp\/v2\/types\/page"}],"author":[{"embeddable":true,"href":"https:\/\/spbielsk.pl\/index.php?rest_route=\/wp\/v2\/users\/1"}],"replies":[{"embeddable":true,"href":"https:\/\/spbielsk.pl\/index.php?rest_route=%2Fwp%2Fv2%2Fcomments&post=4152"}],"version-history":[{"count":23,"href":"https:\/\/spbielsk.pl\/index.php?rest_route=\/wp\/v2\/pages\/4152\/revisions"}],"predecessor-version":[{"id":11046,"href":"https:\/\/spbielsk.pl\/index.php?rest_route=\/wp\/v2\/pages\/4152\/revisions\/11046"}],"wp:attachment":[{"href":"https:\/\/spbielsk.pl\/index.php?rest_route=%2Fwp%2Fv2%2Fmedia&parent=4152"}],"curies":[{"name":"wp","href":"https:\/\/api.w.org\/{rel}","templated":true}]}}