{"id":4143,"date":"2019-02-26T11:49:00","date_gmt":"2019-02-26T10:49:00","guid":{"rendered":"http:\/\/spbielsk.pl\/?page_id=4143"},"modified":"2024-12-17T11:11:34","modified_gmt":"2024-12-17T10:11:34","slug":"cwiczenia-doradztwo","status":"publish","type":"page","link":"https:\/\/spbielsk.pl\/?page_id=4143","title":{"rendered":"\u0106wiczenia"},"content":{"rendered":"<p style=\"text-align: center;\"><a href=\"https:\/\/cloud-1.edupage.org\/cloud\/Test_diagnostyka_temperamentu.pdf?z%3AOHrVCCyUE3Fal0gdU0tzoFY9Rjer7unGfMxNR5X7BfxvCIYvxOfhTmc9aaoIu1WC\" target=\"_blank\" rel=\"noopener\">Test diagnostyka temperamentu.pdf<\/a><\/p>\n<p style=\"text-align: center;\"><a href=\"https:\/\/cloud-6.edupage.org\/cloud\/Test_predyspozycji_zawodowych.pdf?z%3AEO9zNocPBzI5RQpjYsFUNvX2toRrwi%2F5sjWU1gS8Cl%2FoW%2BfVY%2B08tlJynNySxtOp\" target=\"_blank\" rel=\"noopener\">Test predyspozycji zawodowych.pdf<\/a><\/p>\n<p style=\"text-align: center;\"><a href=\"https:\/\/drive.google.com\/file\/d\/1WvDRUAvEspfHOWzpnIZ2JrluAsopQF3j\/view?usp=sharing\">Test na okre\u015blanie samooceny.<\/a><\/p>\n<p style=\"text-align: center;\"><a href=\"https:\/\/drive.google.com\/file\/d\/1X3mQO8pqXiNG8xX2hdPzlbyZMwZVfDZZ\/view?usp=sharing\">Test typ\u00f3w osobowo\u015bci.<\/a><\/p>\n<p style=\"text-align: center;\"><a href=\"https:\/\/drive.google.com\/file\/d\/1DYsp8e_oIJiQh98m3UExJBTw72os_JjA\/view?usp=sharing\">Test czy znasz siebie.<\/a><\/p>\n<p style=\"text-align: center;\"><a href=\"https:\/\/drive.google.com\/file\/d\/1JGXhxKb1MZIMobMgMK_lmAG2axqPrgwT\/view?usp=sharing\">Testy do badania predyspozycji i zainteresowa\u0144 uczni\u00f3w.<\/a><\/p>\n<p style=\"text-align: center;\"><a href=\"https:\/\/drive.google.com\/file\/d\/1tdPutpOw5OAM91Asnj8YqhXNYMG1gS20\/view?usp=sharing\">Kostka niedoko\u0144czonych zda\u0144.<\/a><\/p>\n<p style=\"text-align: center;\"><a href=\"https:\/\/drive.google.com\/file\/d\/1_3lNF9xJo2n7BLWQqGTlA9-WmiZh6qSq\/view?usp=sharing\">Testy do badania predyspozycji i zainteresowa\u0144 uczni\u00f3w w szkole gimnazjalnej.<\/a><\/p>\n","protected":false},"excerpt":{"rendered":"<p>Test diagnostyka temperamentu.pdf Test predyspozycji zawodowych.pdf Test na okre\u015blanie samooceny. Test typ\u00f3w osobowo\u015bci. Test czy znasz siebie. Testy do badania predyspozycji i zainteresowa\u0144 uczni\u00f3w. Kostka niedoko\u0144czonych zda\u0144. Testy do badania predyspozycji i zainteresowa\u0144 uczni\u00f3w w szkole gimnazjalnej.<\/p>\n","protected":false},"author":1,"featured_media":0,"parent":0,"menu_order":0,"comment_status":"closed","ping_status":"closed","template":"","meta":{"footnotes":""},"class_list":["post-4143","page","type-page","status-publish","hentry"],"_links":{"self":[{"href":"https:\/\/spbielsk.pl\/index.php?rest_route=\/wp\/v2\/pages\/4143","targetHints":{"allow":["GET"]}}],"collection":[{"href":"https:\/\/spbielsk.pl\/index.php?rest_route=\/wp\/v2\/pages"}],"about":[{"href":"https:\/\/spbielsk.pl\/index.php?rest_route=\/wp\/v2\/types\/page"}],"author":[{"embeddable":true,"href":"https:\/\/spbielsk.pl\/index.php?rest_route=\/wp\/v2\/users\/1"}],"replies":[{"embeddable":true,"href":"https:\/\/spbielsk.pl\/index.php?rest_route=%2Fwp%2Fv2%2Fcomments&post=4143"}],"version-history":[{"count":4,"href":"https:\/\/spbielsk.pl\/index.php?rest_route=\/wp\/v2\/pages\/4143\/revisions"}],"predecessor-version":[{"id":9528,"href":"https:\/\/spbielsk.pl\/index.php?rest_route=\/wp\/v2\/pages\/4143\/revisions\/9528"}],"wp:attachment":[{"href":"https:\/\/spbielsk.pl\/index.php?rest_route=%2Fwp%2Fv2%2Fmedia&parent=4143"}],"curies":[{"name":"wp","href":"https:\/\/api.w.org\/{rel}","templated":true}]}}