{"id":2715,"date":"2017-04-11T07:41:11","date_gmt":"2017-04-11T06:41:11","guid":{"rendered":"http:\/\/spbielsk.pl\/?page_id=2715"},"modified":"2017-04-11T07:45:36","modified_gmt":"2017-04-11T06:45:36","slug":"gry-komputerowe-zasady","status":"publish","type":"page","link":"https:\/\/spbielsk.pl\/?page_id=2715","title":{"rendered":"Gry komputerowe"},"content":{"rendered":"<p><strong>Informacje dotycz\u0105ce zachowania bezpiecze\u0144stwa podczas korzystania z gier komputerowych<a href=\"#_ftn1\" name=\"_ftnref1\"><\/a>:<\/strong><\/p>\n<ul>\n<li>Okre\u015bl zasady dotycz\u0105ce czasu, jaki twoje dziecko mo\u017ce przeznacza\u0107 na gry komputerowe.<\/li>\n<li>Zadbaj o to, aby dziecko nie gra\u0142o codziennie, ale te\u017c nie r\u00f3b tradycji<br \/>\nz tej formy sp\u0119dzania czasu. Je\u015bli ustalisz, \u017ce w waszym domu gra si\u0119 w\u00a0okre\u015blone dni, np. w pi\u0105tki i niedziele, dziecko przez ca\u0142y tydzie\u0144 b\u0119dzie \u017cy\u0142o oczekiwaniem na w\u0142\u0105czenie komputera.<\/li>\n<li>Zainteresuj si\u0119, w co gra twoje dziecko i czy gra jest dla niego odpowiednia. Porozmawiaj z dzieckiem o grach, z kt\u00f3rych korzysta, sprawd\u017a, czego mo\u017ce si\u0119 z nich nauczy\u0107.<\/li>\n<li>Zanim kupisz swojemu dziecku gr\u0119, upewnij si\u0119, \u017ce jest odpowiednia do jego wieku. Mo\u017ce ci w tym pom\u00f3c system oceny gier <strong><a href=\"http:\/\/www.pegi.info\/pl\/index\/id\/369\/\">PEGI<\/a>.<\/strong><\/li>\n<li>Zwr\u00f3\u0107 uwag\u0119, czy w zachowaniu twojego dziecka nie pojawiaj\u0105 si\u0119 sygna\u0142y uzale\u017cnienia od komputera.<\/li>\n<li>Upewnij si\u0119, \u017ce twoje dziecko z powodu grania nie zaniedbuje obowi\u0105zk\u00f3w domowych i szkolnych.<\/li>\n<li>Sprawd\u017a, czy gra jest pozbawiona mikrop\u0142atno\u015bci.<\/li>\n<li>Pami\u0119taj, \u017ce istniej\u0105 minigry, kt\u00f3re nie wymagaj\u0105 instalacji, a zawieraj\u0105 tre\u015bci nieodpowiednie dla dzieci.<\/li>\n<li>Zwr\u00f3\u0107 uwag\u0119 na to, czy w grze mo\u017cna kontaktowa\u0107 si\u0119 z innymi graczami. Je\u015bli tak \u2013 sprawd\u017a, czy znajomo\u015bci, jakie zawiera twoje dziecko, s\u0105 bezpieczne. Kontakt z innymi u\u017cytkownikami mo\u017ce by\u0107 potencjalnym \u017ar\u00f3d\u0142em niebezpiecznych sytuacji i podejmowania ryzykownych zachowa\u0144.<\/li>\n<\/ul>\n<p><a href=\"#_ftnref1\" name=\"_ftn1\"><\/a>Wskaz\u00f3wki pochodz\u0105 z broszury pt.: \u201eZagro\u017cenia w Internecie. Zapobieganie-reagowanie. Gry komputerowe\u201d. Broszura dost\u0119pna jest pod adresem:<\/p>\n<p><a href=\"https:\/\/www.ore.edu.pl\/materialy-do-pobrania\/category\/55-profilaktyka-agresji-i-przemocy\">https:\/\/www.ore.edu.pl\/materialy-do-pobrania\/category\/55-profilaktyka-agresji-i-przemocy<\/a>.<\/p>\n","protected":false},"excerpt":{"rendered":"<p>Informacje dotycz\u0105ce zachowania bezpiecze\u0144stwa podczas korzystania z gier komputerowych: Okre\u015bl zasady dotycz\u0105ce czasu, jaki twoje dziecko mo\u017ce przeznacza\u0107 na gry komputerowe. Zadbaj o to, aby dziecko nie gra\u0142o codziennie, ale te\u017c nie r\u00f3b tradycji z tej formy sp\u0119dzania czasu. Je\u015bli ustalisz, \u017ce w waszym domu gra si\u0119 w\u00a0okre\u015blone dni, np. w pi\u0105tki i niedziele, dziecko [&hellip;]<\/p>\n","protected":false},"author":1,"featured_media":0,"parent":0,"menu_order":0,"comment_status":"closed","ping_status":"closed","template":"","meta":{"footnotes":""},"class_list":["post-2715","page","type-page","status-publish","hentry"],"_links":{"self":[{"href":"https:\/\/spbielsk.pl\/index.php?rest_route=\/wp\/v2\/pages\/2715","targetHints":{"allow":["GET"]}}],"collection":[{"href":"https:\/\/spbielsk.pl\/index.php?rest_route=\/wp\/v2\/pages"}],"about":[{"href":"https:\/\/spbielsk.pl\/index.php?rest_route=\/wp\/v2\/types\/page"}],"author":[{"embeddable":true,"href":"https:\/\/spbielsk.pl\/index.php?rest_route=\/wp\/v2\/users\/1"}],"replies":[{"embeddable":true,"href":"https:\/\/spbielsk.pl\/index.php?rest_route=%2Fwp%2Fv2%2Fcomments&post=2715"}],"version-history":[{"count":2,"href":"https:\/\/spbielsk.pl\/index.php?rest_route=\/wp\/v2\/pages\/2715\/revisions"}],"predecessor-version":[{"id":2720,"href":"https:\/\/spbielsk.pl\/index.php?rest_route=\/wp\/v2\/pages\/2715\/revisions\/2720"}],"wp:attachment":[{"href":"https:\/\/spbielsk.pl\/index.php?rest_route=%2Fwp%2Fv2%2Fmedia&parent=2715"}],"curies":[{"name":"wp","href":"https:\/\/api.w.org\/{rel}","templated":true}]}}