{"id":178,"date":"2011-11-27T16:12:11","date_gmt":"2011-11-27T15:12:11","guid":{"rendered":"http:\/\/spbielsk.pl\/?page_id=178"},"modified":"2026-02-06T10:57:27","modified_gmt":"2026-02-06T09:57:27","slug":"kontakt","status":"publish","type":"page","link":"https:\/\/spbielsk.pl\/?page_id=178","title":{"rendered":"Kontakt"},"content":{"rendered":"<p align=\"center\"><span style=\"font-size: small;\"><strong>Szko\u0142a Podstawowa im. W\u0142adys\u0142awa Broniewskiego<\/strong><\/span><\/p>\n<p align=\"center\"><span style=\"font-size: small;\"><strong>09 &#8211; 230 Bielsk<br \/>\nul. Sierpecka 42<br \/>\ntel\/fax 24 261 50 15<br \/>\nadres e &#8211; mail &#8211; <a href=\"mailto:spbielsk@wp.pl\">spbielsk@wp.pl<\/a><\/strong><\/span><\/p>\n<div style=\"text-align: center;\">REGON<b>\u00a0000265715<\/b><\/div>\n<div style=\"text-align: center;\"><\/div>\n<div style=\"text-align: center;\">NIP\u00a0<b>7742585442<\/b><\/div>\n<div style=\"text-align: center;\"><\/div>\n<div style=\"text-align: center;\">e-dor\u0119czenia :\u00a0<b>\u00a0AE:PL-45764-68614-ACSUE-15<\/b><\/div>\n<p align=\"center\"><span style=\"font-size: small;\">Szko\u0142a Podstawowa <\/span><br \/>\n<span style=\"font-size: small;\"> im. W\u0142adys\u0142awa Broniewskiego czynna jest w dni robocze <\/span><br \/>\n<span style=\"font-size: small;\"> od godziny 7.00 do 15.00<\/span><\/p>\n<p style=\"text-align: center;\"><strong><span style=\"font-size: 10pt;\">Administratorem Pa\u0144stwa danych osobowych b\u0119dzie:<\/span><\/strong><\/p>\n<p style=\"text-align: center;\"><span style=\"font-size: 10pt;\">Szko\u0142a Podstawowa im. W\u0142adys\u0142awa Broniewskiego w Bielsku<\/span><\/p>\n<p style=\"text-align: center;\"><span style=\"font-size: 10pt;\">Inspektorem Ochrony Danych jest: Ewa Ambroziewicz<\/span><\/p>\n<p style=\"text-align: center;\"><span style=\"font-size: 10pt;\">Kontakt: <\/span><span style=\"font-size: 10pt;\">Inspektor Ochrony Danych<\/span><\/p>\n<p style=\"text-align: center;\"><span style=\"font-size: 10pt;\">Szko\u0142a Podstawowa im. W\u0142adys\u0142awa Broniewskiego w Bielsku<br \/>\n<\/span><span style=\"font-size: 10pt;\">ul. Sierpecka 42, <\/span><span style=\"font-size: 10pt;\">09-230 Bielsk<br \/>\n<\/span><span style=\"font-size: 10pt;\">e-mail: iod.spbielsk@bielsk.pl<\/span><\/p>\n<p style=\"text-align: center;\"><span style=\"font-size: small;\"><strong>Sekretariat przyjmuje zainteresowanych od poniedzia\u0142ku do pi\u0105tku<br \/>\nw godzinach 7.30 do 15.00<\/strong><\/span><\/p>\n<p style=\"text-align: center;\"><strong>Dyrektor Szko\u0142y &#8211; <span style=\"color: #333399;\">Maria Kluge<\/span><\/strong><\/p>\n<p style=\"text-align: center;\"><img fetchpriority=\"high\" decoding=\"async\" class=\"aligncenter wp-image-10334\" src=\"https:\/\/spbielsk.pl\/wp-content\/uploads\/2025\/10\/MIR_4479-209x300.jpg\" alt=\"\" width=\"266\" height=\"383\" srcset=\"https:\/\/spbielsk.pl\/wp-content\/uploads\/2025\/10\/MIR_4479-209x300.jpg 209w, https:\/\/spbielsk.pl\/wp-content\/uploads\/2025\/10\/MIR_4479.jpg 712w\" sizes=\"(max-width: 266px) 100vw, 266px\" \/><\/p>\n<hr \/>\n<p style=\"text-align: center;\"><strong>Zast\u0119pca Dyrektora\u00a0 &#8211; <span style=\"color: #333399;\">Alicja Wojtunik<\/span><\/strong><\/p>\n<p style=\"text-align: center;\"><strong>Sekretarz szko\u0142y &#8211; <\/strong><strong><span style=\"color: #333399;\">Anna Maria <\/span><\/strong><strong><span style=\"color: #333399;\">Tyburska<\/span><\/strong><\/p>\n<p style=\"text-align: center;\" align=\"center\">\n","protected":false},"excerpt":{"rendered":"<p>Szko\u0142a Podstawowa im. W\u0142adys\u0142awa Broniewskiego 09 &#8211; 230 Bielsk ul. Sierpecka 42 tel\/fax 24 261 50 15 adres e &#8211; mail &#8211; spbielsk@wp.pl REGON\u00a0000265715 NIP\u00a07742585442 e-dor\u0119czenia :\u00a0\u00a0AE:PL-45764-68614-ACSUE-15 Szko\u0142a Podstawowa im. W\u0142adys\u0142awa Broniewskiego czynna jest w dni robocze od godziny 7.00 do 15.00 Administratorem Pa\u0144stwa danych osobowych b\u0119dzie: Szko\u0142a Podstawowa im. W\u0142adys\u0142awa Broniewskiego w Bielsku Inspektorem [&hellip;]<\/p>\n","protected":false},"author":1,"featured_media":0,"parent":0,"menu_order":0,"comment_status":"closed","ping_status":"closed","template":"","meta":{"footnotes":""},"class_list":["post-178","page","type-page","status-publish","hentry"],"_links":{"self":[{"href":"https:\/\/spbielsk.pl\/index.php?rest_route=\/wp\/v2\/pages\/178","targetHints":{"allow":["GET"]}}],"collection":[{"href":"https:\/\/spbielsk.pl\/index.php?rest_route=\/wp\/v2\/pages"}],"about":[{"href":"https:\/\/spbielsk.pl\/index.php?rest_route=\/wp\/v2\/types\/page"}],"author":[{"embeddable":true,"href":"https:\/\/spbielsk.pl\/index.php?rest_route=\/wp\/v2\/users\/1"}],"replies":[{"embeddable":true,"href":"https:\/\/spbielsk.pl\/index.php?rest_route=%2Fwp%2Fv2%2Fcomments&post=178"}],"version-history":[{"count":46,"href":"https:\/\/spbielsk.pl\/index.php?rest_route=\/wp\/v2\/pages\/178\/revisions"}],"predecessor-version":[{"id":10756,"href":"https:\/\/spbielsk.pl\/index.php?rest_route=\/wp\/v2\/pages\/178\/revisions\/10756"}],"wp:attachment":[{"href":"https:\/\/spbielsk.pl\/index.php?rest_route=%2Fwp%2Fv2%2Fmedia&parent=178"}],"curies":[{"name":"wp","href":"https:\/\/api.w.org\/{rel}","templated":true}]}}